{"id":3995,"date":"2024-07-17T12:35:23","date_gmt":"2024-07-17T17:35:23","guid":{"rendered":"https:\/\/subliproperu.com\/?page_id=3995"},"modified":"2024-08-26T08:26:17","modified_gmt":"2024-08-26T13:26:17","slug":"community-manager","status":"publish","type":"page","link":"https:\/\/subliproperu.com\/index.php\/community-manager\/","title":{"rendered":"Community Manager"},"content":{"rendered":"\t\t<div data-elementor-type=\"wp-page\" data-elementor-id=\"3995\" class=\"elementor elementor-3995\" data-elementor-post-type=\"page\">\n\t\t\t\t<div class=\"elementor-element elementor-element-bfb183f e-flex e-con-boxed e-con e-parent\" data-id=\"bfb183f\" data-element_type=\"container\" data-settings=\"{&quot;background_background&quot;:&quot;classic&quot;}\">\n\t\t\t\t\t<div class=\"e-con-inner\">\n\t\t<div class=\"elementor-element elementor-element-96c3fba e-con-full e-flex e-con e-child\" data-id=\"96c3fba\" data-element_type=\"container\">\n\t\t\t\t<div class=\"elementor-element elementor-element-d64fe9f elementor-invisible elementor-widget elementor-widget-heading\" data-id=\"d64fe9f\" data-element_type=\"widget\" data-settings=\"{&quot;_animation&quot;:&quot;fadeIn&quot;}\" data-widget_type=\"heading.default\">\n\t\t\t\t<div class=\"elementor-widget-container\">\n\t\t\t<h2 class=\"elementor-heading-title elementor-size-default\">Somos el puente entre una empresa y su audiencia<\/h2>\t\t<\/div>\n\t\t\t\t<\/div>\n\t\t\t\t<\/div>\n\t\t<div class=\"elementor-element elementor-element-237ef0c e-con-full e-flex e-con e-child\" data-id=\"237ef0c\" data-element_type=\"container\">\n\t\t\t\t<div class=\"elementor-element elementor-element-ffa2501 elementor-invisible elementor-widget elementor-widget-text-editor\" data-id=\"ffa2501\" data-element_type=\"widget\" data-settings=\"{&quot;_animation&quot;:&quot;bounceInUp&quot;}\" data-widget_type=\"text-editor.default\">\n\t\t\t\t<div class=\"elementor-widget-container\">\n\t\t\t\t\t\t\t<p>Creamos contenido, analizamos datos de participaci\u00f3n y desarrollamos estrategias para mejorar la comunicaci\u00f3n digital.<\/p>\t\t\t\t\t\t<\/div>\n\t\t\t\t<\/div>\n\t\t\t\t<\/div>\n\t\t\t\t\t<\/div>\n\t\t\t\t<\/div>\n\t\t<div class=\"elementor-element elementor-element-b029a44 e-flex e-con-boxed e-con e-parent\" data-id=\"b029a44\" data-element_type=\"container\" data-settings=\"{&quot;background_background&quot;:&quot;classic&quot;}\">\n\t\t\t\t\t<div class=\"e-con-inner\">\n\t\t<div class=\"elementor-element elementor-element-50da1c4 e-con-full e-flex e-con e-child\" data-id=\"50da1c4\" data-element_type=\"container\">\n\t\t\t\t<div class=\"elementor-element elementor-element-7bac693 elementor-widget-divider--view-line elementor-invisible elementor-widget elementor-widget-divider\" data-id=\"7bac693\" data-element_type=\"widget\" data-settings=\"{&quot;_animation&quot;:&quot;fadeInLeft&quot;}\" data-widget_type=\"divider.default\">\n\t\t\t\t<div class=\"elementor-widget-container\">\n\t\t\t\t\t<div class=\"elementor-divider\">\n\t\t\t<span class=\"elementor-divider-separator\">\n\t\t\t\t\t\t<\/span>\n\t\t<\/div>\n\t\t\t\t<\/div>\n\t\t\t\t<\/div>\n\t\t\t\t<\/div>\n\t\t<div class=\"elementor-element elementor-element-6c038c8 e-con-full e-flex e-con e-child\" data-id=\"6c038c8\" data-element_type=\"container\">\n\t\t\t\t<div class=\"elementor-element elementor-element-f3908fc elementor-invisible elementor-widget elementor-widget-heading\" data-id=\"f3908fc\" data-element_type=\"widget\" data-settings=\"{&quot;_animation&quot;:&quot;zoomIn&quot;}\" data-widget_type=\"heading.default\">\n\t\t\t\t<div class=\"elementor-widget-container\">\n\t\t\t<h2 class=\"elementor-heading-title elementor-size-default\">Community Manager<\/h2>\t\t<\/div>\n\t\t\t\t<\/div>\n\t\t\t\t<\/div>\n\t\t<div class=\"elementor-element elementor-element-b52d7c5 e-con-full e-flex e-con e-child\" data-id=\"b52d7c5\" data-element_type=\"container\">\n\t\t\t\t<div class=\"elementor-element elementor-element-8db0d59 elementor-widget-divider--view-line elementor-invisible elementor-widget elementor-widget-divider\" data-id=\"8db0d59\" data-element_type=\"widget\" data-settings=\"{&quot;_animation&quot;:&quot;fadeInRight&quot;}\" data-widget_type=\"divider.default\">\n\t\t\t\t<div class=\"elementor-widget-container\">\n\t\t\t\t\t<div class=\"elementor-divider\">\n\t\t\t<span class=\"elementor-divider-separator\">\n\t\t\t\t\t\t<\/span>\n\t\t<\/div>\n\t\t\t\t<\/div>\n\t\t\t\t<\/div>\n\t\t\t\t<\/div>\n\t\t<div class=\"elementor-element elementor-element-b9a3edb e-con-full e-flex e-con e-child\" data-id=\"b9a3edb\" data-element_type=\"container\">\n\t\t\t\t<div class=\"elementor-element elementor-element-c798ad7 elementor-widget elementor-widget-image\" data-id=\"c798ad7\" data-element_type=\"widget\" data-widget_type=\"image.default\">\n\t\t\t\t<div class=\"elementor-widget-container\">\n\t\t\t\t\t\t\t\t\t\t\t\t\t<img decoding=\"async\" src=\"https:\/\/media.giphy.com\/media\/v1.Y2lkPTc5MGI3NjExZHZrd3VqczdzcHVoMnlwMmV3emlydmNmZ3phaTc3aXp3dG9tNDVmYiZlcD12MV9pbnRlcm5hbF9naWZfYnlfaWQmY3Q9Zw\/MSEoGC7HBlLRiN7Vw2\/giphy.gif\" title=\"\" alt=\"\" loading=\"lazy\" \/>\t\t\t\t\t\t\t\t\t\t\t\t\t<\/div>\n\t\t\t\t<\/div>\n\t\t\t\t<\/div>\n\t\t<div class=\"elementor-element elementor-element-a38d313 e-con-full e-flex e-con e-child\" data-id=\"a38d313\" data-element_type=\"container\">\n\t\t\t\t<div class=\"elementor-element elementor-element-c25ab1d elementor-invisible elementor-widget elementor-widget-text-editor\" data-id=\"c25ab1d\" data-element_type=\"widget\" data-settings=\"{&quot;_animation&quot;:&quot;slideInRight&quot;}\" data-widget_type=\"text-editor.default\">\n\t\t\t\t<div class=\"elementor-widget-container\">\n\t\t\t\t\t\t\t<p>Un Community Manager requiere una combinaci\u00f3n de creatividad.\u00a0Somos responsables de construir y fomentar comunidades en l\u00ednea, gestionar la imagen de una marca e interactuar con clientes y fan\u00e1ticos en varias plataformas de redes sociales.<\/p>\t\t\t\t\t\t<\/div>\n\t\t\t\t<\/div>\n\t\t\t\t<\/div>\n\t\t\t\t\t<\/div>\n\t\t\t\t<\/div>\n\t\t<div class=\"elementor-element elementor-element-2e41d14 e-flex e-con-boxed e-con e-parent\" data-id=\"2e41d14\" data-element_type=\"container\" data-settings=\"{&quot;background_background&quot;:&quot;classic&quot;}\">\n\t\t\t\t\t<div class=\"e-con-inner\">\n\t\t<div class=\"elementor-element elementor-element-c3d87c7 e-flex e-con-boxed e-con e-child\" data-id=\"c3d87c7\" data-element_type=\"container\">\n\t\t\t\t\t<div class=\"e-con-inner\">\n\t\t\t\t<div class=\"elementor-element elementor-element-5b9e836 elementor-invisible elementor-widget elementor-widget-heading\" data-id=\"5b9e836\" data-element_type=\"widget\" data-settings=\"{&quot;_animation&quot;:&quot;slideInDown&quot;}\" data-widget_type=\"heading.default\">\n\t\t\t\t<div class=\"elementor-widget-container\">\n\t\t\t<h2 class=\"elementor-heading-title elementor-size-default\">Funciones del Community Manager<\/h2>\t\t<\/div>\n\t\t\t\t<\/div>\n\t\t\t\t\t<\/div>\n\t\t\t\t<\/div>\n\t\t<div class=\"elementor-element elementor-element-14b7091 e-con-full e-flex elementor-invisible e-con e-child\" data-id=\"14b7091\" data-element_type=\"container\" data-settings=\"{&quot;animation&quot;:&quot;fadeInUp&quot;}\">\n\t\t\t\t<div class=\"elementor-element elementor-element-e004975 e-transform elementor-widget elementor-widget-text-editor\" data-id=\"e004975\" data-element_type=\"widget\" data-settings=\"{&quot;_transform_translateX_effect_hover&quot;:{&quot;unit&quot;:&quot;px&quot;,&quot;size&quot;:-5,&quot;sizes&quot;:[]},&quot;_transform_translateY_effect_hover&quot;:{&quot;unit&quot;:&quot;px&quot;,&quot;size&quot;:-5,&quot;sizes&quot;:[]},&quot;_transform_translateX_effect_hover_tablet&quot;:{&quot;unit&quot;:&quot;px&quot;,&quot;size&quot;:&quot;&quot;,&quot;sizes&quot;:[]},&quot;_transform_translateX_effect_hover_mobile&quot;:{&quot;unit&quot;:&quot;px&quot;,&quot;size&quot;:&quot;&quot;,&quot;sizes&quot;:[]},&quot;_transform_translateY_effect_hover_tablet&quot;:{&quot;unit&quot;:&quot;px&quot;,&quot;size&quot;:&quot;&quot;,&quot;sizes&quot;:[]},&quot;_transform_translateY_effect_hover_mobile&quot;:{&quot;unit&quot;:&quot;px&quot;,&quot;size&quot;:&quot;&quot;,&quot;sizes&quot;:[]}}\" data-widget_type=\"text-editor.default\">\n\t\t\t\t<div class=\"elementor-widget-container\">\n\t\t\t\t\t\t\t<p>Creaci\u00f3n y planificaci\u00f3n de contenido<\/p>\t\t\t\t\t\t<\/div>\n\t\t\t\t<\/div>\n\t\t\t\t<\/div>\n\t\t<div class=\"elementor-element elementor-element-19553fd e-con-full e-flex elementor-invisible e-con e-child\" data-id=\"19553fd\" data-element_type=\"container\" data-settings=\"{&quot;animation&quot;:&quot;fadeInUp&quot;}\">\n\t\t\t\t<div class=\"elementor-element elementor-element-d78fd85 e-transform elementor-widget elementor-widget-text-editor\" data-id=\"d78fd85\" data-element_type=\"widget\" data-settings=\"{&quot;_transform_translateX_effect_hover&quot;:{&quot;unit&quot;:&quot;px&quot;,&quot;size&quot;:-5,&quot;sizes&quot;:[]},&quot;_transform_translateY_effect_hover&quot;:{&quot;unit&quot;:&quot;px&quot;,&quot;size&quot;:-5,&quot;sizes&quot;:[]},&quot;_transform_translateX_effect_hover_tablet&quot;:{&quot;unit&quot;:&quot;px&quot;,&quot;size&quot;:&quot;&quot;,&quot;sizes&quot;:[]},&quot;_transform_translateX_effect_hover_mobile&quot;:{&quot;unit&quot;:&quot;px&quot;,&quot;size&quot;:&quot;&quot;,&quot;sizes&quot;:[]},&quot;_transform_translateY_effect_hover_tablet&quot;:{&quot;unit&quot;:&quot;px&quot;,&quot;size&quot;:&quot;&quot;,&quot;sizes&quot;:[]},&quot;_transform_translateY_effect_hover_mobile&quot;:{&quot;unit&quot;:&quot;px&quot;,&quot;size&quot;:&quot;&quot;,&quot;sizes&quot;:[]}}\" data-widget_type=\"text-editor.default\">\n\t\t\t\t<div class=\"elementor-widget-container\">\n\t\t\t\t\t\t\t<p>Monitorizar todas las publicaciones y novedades<\/p>\t\t\t\t\t\t<\/div>\n\t\t\t\t<\/div>\n\t\t\t\t<\/div>\n\t\t<div class=\"elementor-element elementor-element-3ba71be e-con-full e-flex elementor-invisible e-con e-child\" data-id=\"3ba71be\" data-element_type=\"container\" data-settings=\"{&quot;animation&quot;:&quot;fadeInUp&quot;}\">\n\t\t\t\t<div class=\"elementor-element elementor-element-9ba42ae e-transform elementor-widget elementor-widget-text-editor\" data-id=\"9ba42ae\" data-element_type=\"widget\" data-settings=\"{&quot;_transform_translateX_effect_hover&quot;:{&quot;unit&quot;:&quot;px&quot;,&quot;size&quot;:-5,&quot;sizes&quot;:[]},&quot;_transform_translateY_effect_hover&quot;:{&quot;unit&quot;:&quot;px&quot;,&quot;size&quot;:-5,&quot;sizes&quot;:[]},&quot;_transform_translateX_effect_hover_tablet&quot;:{&quot;unit&quot;:&quot;px&quot;,&quot;size&quot;:&quot;&quot;,&quot;sizes&quot;:[]},&quot;_transform_translateX_effect_hover_mobile&quot;:{&quot;unit&quot;:&quot;px&quot;,&quot;size&quot;:&quot;&quot;,&quot;sizes&quot;:[]},&quot;_transform_translateY_effect_hover_tablet&quot;:{&quot;unit&quot;:&quot;px&quot;,&quot;size&quot;:&quot;&quot;,&quot;sizes&quot;:[]},&quot;_transform_translateY_effect_hover_mobile&quot;:{&quot;unit&quot;:&quot;px&quot;,&quot;size&quot;:&quot;&quot;,&quot;sizes&quot;:[]}}\" data-widget_type=\"text-editor.default\">\n\t\t\t\t<div class=\"elementor-widget-container\">\n\t\t\t\t\t\t\t<p>Conocimiento del p\u00fablico al que se dirije<\/p>\t\t\t\t\t\t<\/div>\n\t\t\t\t<\/div>\n\t\t\t\t<\/div>\n\t\t<div class=\"elementor-element elementor-element-9bd813e e-con-full e-flex elementor-invisible e-con e-child\" data-id=\"9bd813e\" data-element_type=\"container\" data-settings=\"{&quot;animation&quot;:&quot;fadeInUp&quot;}\">\n\t\t\t\t<div class=\"elementor-element elementor-element-449e345 e-transform elementor-widget elementor-widget-text-editor\" data-id=\"449e345\" data-element_type=\"widget\" data-settings=\"{&quot;_transform_translateX_effect_hover&quot;:{&quot;unit&quot;:&quot;px&quot;,&quot;size&quot;:-5,&quot;sizes&quot;:[]},&quot;_transform_translateY_effect_hover&quot;:{&quot;unit&quot;:&quot;px&quot;,&quot;size&quot;:-5,&quot;sizes&quot;:[]},&quot;_transform_translateX_effect_hover_tablet&quot;:{&quot;unit&quot;:&quot;px&quot;,&quot;size&quot;:&quot;&quot;,&quot;sizes&quot;:[]},&quot;_transform_translateX_effect_hover_mobile&quot;:{&quot;unit&quot;:&quot;px&quot;,&quot;size&quot;:&quot;&quot;,&quot;sizes&quot;:[]},&quot;_transform_translateY_effect_hover_tablet&quot;:{&quot;unit&quot;:&quot;px&quot;,&quot;size&quot;:&quot;&quot;,&quot;sizes&quot;:[]},&quot;_transform_translateY_effect_hover_mobile&quot;:{&quot;unit&quot;:&quot;px&quot;,&quot;size&quot;:&quot;&quot;,&quot;sizes&quot;:[]}}\" data-widget_type=\"text-editor.default\">\n\t\t\t\t<div class=\"elementor-widget-container\">\n\t\t\t\t\t\t\t<p>Interactuar con los usuarios y crear relaciones de fidelidad<\/p>\t\t\t\t\t\t<\/div>\n\t\t\t\t<\/div>\n\t\t\t\t<\/div>\n\t\t<div class=\"elementor-element elementor-element-ce2a66b e-con-full e-flex elementor-invisible e-con e-child\" data-id=\"ce2a66b\" data-element_type=\"container\" data-settings=\"{&quot;animation&quot;:&quot;fadeInUp&quot;}\">\n\t\t\t\t<div class=\"elementor-element elementor-element-b554346 e-transform elementor-widget elementor-widget-text-editor\" data-id=\"b554346\" data-element_type=\"widget\" data-settings=\"{&quot;_transform_translateX_effect_hover&quot;:{&quot;unit&quot;:&quot;px&quot;,&quot;size&quot;:-5,&quot;sizes&quot;:[]},&quot;_transform_translateY_effect_hover&quot;:{&quot;unit&quot;:&quot;px&quot;,&quot;size&quot;:-5,&quot;sizes&quot;:[]},&quot;_transform_translateX_effect_hover_tablet&quot;:{&quot;unit&quot;:&quot;px&quot;,&quot;size&quot;:&quot;&quot;,&quot;sizes&quot;:[]},&quot;_transform_translateX_effect_hover_mobile&quot;:{&quot;unit&quot;:&quot;px&quot;,&quot;size&quot;:&quot;&quot;,&quot;sizes&quot;:[]},&quot;_transform_translateY_effect_hover_tablet&quot;:{&quot;unit&quot;:&quot;px&quot;,&quot;size&quot;:&quot;&quot;,&quot;sizes&quot;:[]},&quot;_transform_translateY_effect_hover_mobile&quot;:{&quot;unit&quot;:&quot;px&quot;,&quot;size&quot;:&quot;&quot;,&quot;sizes&quot;:[]}}\" data-widget_type=\"text-editor.default\">\n\t\t\t\t<div class=\"elementor-widget-container\">\n\t\t\t\t\t\t\t<p>Sortear las crisis de reputaci\u00f3n y comentarios negativos<\/p>\t\t\t\t\t\t<\/div>\n\t\t\t\t<\/div>\n\t\t\t\t<\/div>\n\t\t\t\t\t<\/div>\n\t\t\t\t<\/div>\n\t\t\t\t<\/div>\n\t\t","protected":false},"excerpt":{"rendered":"<p>Somos el puente entre una empresa y su audiencia Creamos contenido, analizamos datos de participaci\u00f3n y desarrollamos estrategias para mejorar la comunicaci\u00f3n digital. Community Manager Un Community Manager requiere una combinaci\u00f3n de creatividad.\u00a0Somos responsables de construir y fomentar comunidades en l\u00ednea, gestionar la imagen de una marca e interactuar con clientes y fan\u00e1ticos en varias [&hellip;]<\/p>\n","protected":false},"author":2,"featured_media":0,"parent":0,"menu_order":0,"comment_status":"closed","ping_status":"closed","template":"elementor_header_footer","meta":{"_joinchat":[],"footnotes":""},"class_list":["post-3995","page","type-page","status-publish","hentry"],"yoast_head":"<!-- This site is optimized with the Yoast SEO plugin v20.3 - https:\/\/yoast.com\/wordpress\/plugins\/seo\/ -->\n<title>Community Manager - SubliPro<\/title>\n<meta name=\"robots\" content=\"index, follow, max-snippet:-1, max-image-preview:large, max-video-preview:-1\" \/>\n<link rel=\"canonical\" href=\"https:\/\/subliproperu.com\/index.php\/community-manager\/\" \/>\n<meta property=\"og:locale\" content=\"es_ES\" \/>\n<meta property=\"og:type\" content=\"article\" \/>\n<meta property=\"og:title\" content=\"Community Manager - SubliPro\" \/>\n<meta property=\"og:description\" content=\"Somos el puente entre una empresa y su audiencia Creamos contenido, analizamos datos de participaci\u00f3n y desarrollamos estrategias para mejorar la comunicaci\u00f3n digital. Community Manager Un Community Manager requiere una combinaci\u00f3n de creatividad.\u00a0Somos responsables de construir y fomentar comunidades en l\u00ednea, gestionar la imagen de una marca e interactuar con clientes y fan\u00e1ticos en varias [&hellip;]\" \/>\n<meta property=\"og:url\" content=\"https:\/\/subliproperu.com\/index.php\/community-manager\/\" \/>\n<meta property=\"og:site_name\" content=\"SubliPro\" \/>\n<meta property=\"article:modified_time\" content=\"2024-08-26T13:26:17+00:00\" \/>\n<meta property=\"og:image\" content=\"https:\/\/media.giphy.com\/media\/v1.Y2lkPTc5MGI3NjExZHZrd3VqczdzcHVoMnlwMmV3emlydmNmZ3phaTc3aXp3dG9tNDVmYiZlcD12MV9pbnRlcm5hbF9naWZfYnlfaWQmY3Q9Zw\/MSEoGC7HBlLRiN7Vw2\/giphy.gif\" \/>\n<meta name=\"twitter:card\" content=\"summary_large_image\" \/>\n<meta name=\"twitter:label1\" content=\"Tiempo de lectura\" \/>\n\t<meta name=\"twitter:data1\" content=\"1 minuto\" \/>\n<script type=\"application\/ld+json\" class=\"yoast-schema-graph\">{\"@context\":\"https:\/\/schema.org\",\"@graph\":[{\"@type\":\"WebPage\",\"@id\":\"https:\/\/subliproperu.com\/index.php\/community-manager\/\",\"url\":\"https:\/\/subliproperu.com\/index.php\/community-manager\/\",\"name\":\"Community Manager - SubliPro\",\"isPartOf\":{\"@id\":\"https:\/\/subliproperu.com\/#website\"},\"datePublished\":\"2024-07-17T17:35:23+00:00\",\"dateModified\":\"2024-08-26T13:26:17+00:00\",\"breadcrumb\":{\"@id\":\"https:\/\/subliproperu.com\/index.php\/community-manager\/#breadcrumb\"},\"inLanguage\":\"es\",\"potentialAction\":[{\"@type\":\"ReadAction\",\"target\":[\"https:\/\/subliproperu.com\/index.php\/community-manager\/\"]}]},{\"@type\":\"BreadcrumbList\",\"@id\":\"https:\/\/subliproperu.com\/index.php\/community-manager\/#breadcrumb\",\"itemListElement\":[{\"@type\":\"ListItem\",\"position\":1,\"name\":\"Portada\",\"item\":\"https:\/\/subliproperu.com\/\"},{\"@type\":\"ListItem\",\"position\":2,\"name\":\"Community Manager\"}]},{\"@type\":\"WebSite\",\"@id\":\"https:\/\/subliproperu.com\/#website\",\"url\":\"https:\/\/subliproperu.com\/\",\"name\":\"SubliPro\",\"description\":\"Agencia creativa publicidad\",\"publisher\":{\"@id\":\"https:\/\/subliproperu.com\/#organization\"},\"potentialAction\":[{\"@type\":\"SearchAction\",\"target\":{\"@type\":\"EntryPoint\",\"urlTemplate\":\"https:\/\/subliproperu.com\/?s={search_term_string}\"},\"query-input\":\"required name=search_term_string\"}],\"inLanguage\":\"es\"},{\"@type\":\"Organization\",\"@id\":\"https:\/\/subliproperu.com\/#organization\",\"name\":\"SubliPro\",\"url\":\"https:\/\/subliproperu.com\/\",\"logo\":{\"@type\":\"ImageObject\",\"inLanguage\":\"es\",\"@id\":\"https:\/\/subliproperu.com\/#\/schema\/logo\/image\/\",\"url\":\"https:\/\/subliproperu.com\/wp-content\/uploads\/2023\/10\/logo_sublipropng.png\",\"contentUrl\":\"https:\/\/subliproperu.com\/wp-content\/uploads\/2023\/10\/logo_sublipropng.png\",\"width\":980,\"height\":363,\"caption\":\"SubliPro\"},\"image\":{\"@id\":\"https:\/\/subliproperu.com\/#\/schema\/logo\/image\/\"}}]}<\/script>\n<!-- \/ Yoast SEO plugin. -->","yoast_head_json":{"title":"Community Manager - SubliPro","robots":{"index":"index","follow":"follow","max-snippet":"max-snippet:-1","max-image-preview":"max-image-preview:large","max-video-preview":"max-video-preview:-1"},"canonical":"https:\/\/subliproperu.com\/index.php\/community-manager\/","og_locale":"es_ES","og_type":"article","og_title":"Community Manager - SubliPro","og_description":"Somos el puente entre una empresa y su audiencia Creamos contenido, analizamos datos de participaci\u00f3n y desarrollamos estrategias para mejorar la comunicaci\u00f3n digital. Community Manager Un Community Manager requiere una combinaci\u00f3n de creatividad.\u00a0Somos responsables de construir y fomentar comunidades en l\u00ednea, gestionar la imagen de una marca e interactuar con clientes y fan\u00e1ticos en varias [&hellip;]","og_url":"https:\/\/subliproperu.com\/index.php\/community-manager\/","og_site_name":"SubliPro","article_modified_time":"2024-08-26T13:26:17+00:00","og_image":[{"url":"https:\/\/media.giphy.com\/media\/v1.Y2lkPTc5MGI3NjExZHZrd3VqczdzcHVoMnlwMmV3emlydmNmZ3phaTc3aXp3dG9tNDVmYiZlcD12MV9pbnRlcm5hbF9naWZfYnlfaWQmY3Q9Zw\/MSEoGC7HBlLRiN7Vw2\/giphy.gif"}],"twitter_card":"summary_large_image","twitter_misc":{"Tiempo de lectura":"1 minuto"},"schema":{"@context":"https:\/\/schema.org","@graph":[{"@type":"WebPage","@id":"https:\/\/subliproperu.com\/index.php\/community-manager\/","url":"https:\/\/subliproperu.com\/index.php\/community-manager\/","name":"Community Manager - SubliPro","isPartOf":{"@id":"https:\/\/subliproperu.com\/#website"},"datePublished":"2024-07-17T17:35:23+00:00","dateModified":"2024-08-26T13:26:17+00:00","breadcrumb":{"@id":"https:\/\/subliproperu.com\/index.php\/community-manager\/#breadcrumb"},"inLanguage":"es","potentialAction":[{"@type":"ReadAction","target":["https:\/\/subliproperu.com\/index.php\/community-manager\/"]}]},{"@type":"BreadcrumbList","@id":"https:\/\/subliproperu.com\/index.php\/community-manager\/#breadcrumb","itemListElement":[{"@type":"ListItem","position":1,"name":"Portada","item":"https:\/\/subliproperu.com\/"},{"@type":"ListItem","position":2,"name":"Community Manager"}]},{"@type":"WebSite","@id":"https:\/\/subliproperu.com\/#website","url":"https:\/\/subliproperu.com\/","name":"SubliPro","description":"Agencia creativa publicidad","publisher":{"@id":"https:\/\/subliproperu.com\/#organization"},"potentialAction":[{"@type":"SearchAction","target":{"@type":"EntryPoint","urlTemplate":"https:\/\/subliproperu.com\/?s={search_term_string}"},"query-input":"required name=search_term_string"}],"inLanguage":"es"},{"@type":"Organization","@id":"https:\/\/subliproperu.com\/#organization","name":"SubliPro","url":"https:\/\/subliproperu.com\/","logo":{"@type":"ImageObject","inLanguage":"es","@id":"https:\/\/subliproperu.com\/#\/schema\/logo\/image\/","url":"https:\/\/subliproperu.com\/wp-content\/uploads\/2023\/10\/logo_sublipropng.png","contentUrl":"https:\/\/subliproperu.com\/wp-content\/uploads\/2023\/10\/logo_sublipropng.png","width":980,"height":363,"caption":"SubliPro"},"image":{"@id":"https:\/\/subliproperu.com\/#\/schema\/logo\/image\/"}}]}},"_links":{"self":[{"href":"https:\/\/subliproperu.com\/index.php\/wp-json\/wp\/v2\/pages\/3995","targetHints":{"allow":["GET"]}}],"collection":[{"href":"https:\/\/subliproperu.com\/index.php\/wp-json\/wp\/v2\/pages"}],"about":[{"href":"https:\/\/subliproperu.com\/index.php\/wp-json\/wp\/v2\/types\/page"}],"author":[{"embeddable":true,"href":"https:\/\/subliproperu.com\/index.php\/wp-json\/wp\/v2\/users\/2"}],"replies":[{"embeddable":true,"href":"https:\/\/subliproperu.com\/index.php\/wp-json\/wp\/v2\/comments?post=3995"}],"version-history":[{"count":43,"href":"https:\/\/subliproperu.com\/index.php\/wp-json\/wp\/v2\/pages\/3995\/revisions"}],"predecessor-version":[{"id":4291,"href":"https:\/\/subliproperu.com\/index.php\/wp-json\/wp\/v2\/pages\/3995\/revisions\/4291"}],"wp:attachment":[{"href":"https:\/\/subliproperu.com\/index.php\/wp-json\/wp\/v2\/media?parent=3995"}],"curies":[{"name":"wp","href":"https:\/\/api.w.org\/{rel}","templated":true}]}}