{"id":3483,"date":"2024-07-05T13:08:56","date_gmt":"2024-07-05T18:08:56","guid":{"rendered":"https:\/\/subliproperu.com\/?page_id=3483"},"modified":"2024-07-10T16:39:24","modified_gmt":"2024-07-10T21:39:24","slug":"difusion-en-medios","status":"publish","type":"page","link":"https:\/\/subliproperu.com\/index.php\/difusion-en-medios\/","title":{"rendered":"Difusi\u00f3n en Medios"},"content":{"rendered":"\t\t<div data-elementor-type=\"wp-page\" data-elementor-id=\"3483\" class=\"elementor elementor-3483\" data-elementor-post-type=\"page\">\n\t\t\t\t<div class=\"elementor-element elementor-element-39a458c e-flex e-con-boxed e-con e-parent\" data-id=\"39a458c\" data-element_type=\"container\">\n\t\t\t\t\t<div class=\"e-con-inner\">\n\t\t<div class=\"elementor-element elementor-element-ff32b78 e-con-full e-flex e-con e-child\" data-id=\"ff32b78\" data-element_type=\"container\">\n\t\t\t\t<div class=\"elementor-element elementor-element-ff8bea7 elementor-widget elementor-widget-heading\" data-id=\"ff8bea7\" data-element_type=\"widget\" data-widget_type=\"heading.default\">\n\t\t\t\t<div class=\"elementor-widget-container\">\n\t\t\t<h2 class=\"elementor-heading-title elementor-size-default\">Presenta Tu Producto<\/h2>\t\t<\/div>\n\t\t\t\t<\/div>\n\t\t\t\t<\/div>\n\t\t<div class=\"elementor-element elementor-element-cb46899 e-con-full e-flex e-con e-child\" data-id=\"cb46899\" data-element_type=\"container\">\n\t\t\t\t<div class=\"elementor-element elementor-element-60a376a elementor-widget elementor-widget-text-editor\" data-id=\"60a376a\" data-element_type=\"widget\" data-widget_type=\"text-editor.default\">\n\t\t\t\t<div class=\"elementor-widget-container\">\n\t\t\t\t\t\t\t<p>Daremos a conocer tus ideas, productos y servicios a la sociedad.<\/p>\t\t\t\t\t\t<\/div>\n\t\t\t\t<\/div>\n\t\t\t\t<\/div>\n\t\t\t\t\t<\/div>\n\t\t\t\t<\/div>\n\t\t<div class=\"elementor-element elementor-element-f0e55f2 e-flex e-con-boxed e-con e-parent\" data-id=\"f0e55f2\" data-element_type=\"container\">\n\t\t\t\t\t<div class=\"e-con-inner\">\n\t\t<div class=\"elementor-element elementor-element-e330017 e-con-full e-flex e-con e-child\" data-id=\"e330017\" data-element_type=\"container\">\n\t\t\t\t<div class=\"elementor-element elementor-element-31b10de elementor-widget-divider--view-line elementor-invisible elementor-widget elementor-widget-divider\" data-id=\"31b10de\" data-element_type=\"widget\" data-settings=\"{&quot;_animation&quot;:&quot;fadeInLeft&quot;}\" data-widget_type=\"divider.default\">\n\t\t\t\t<div class=\"elementor-widget-container\">\n\t\t\t\t\t<div class=\"elementor-divider\">\n\t\t\t<span class=\"elementor-divider-separator\">\n\t\t\t\t\t\t<\/span>\n\t\t<\/div>\n\t\t\t\t<\/div>\n\t\t\t\t<\/div>\n\t\t\t\t<\/div>\n\t\t<div class=\"elementor-element elementor-element-d4481b0 e-con-full e-flex e-con e-child\" data-id=\"d4481b0\" data-element_type=\"container\">\n\t\t\t\t<div class=\"elementor-element elementor-element-cf844e5 elementor-invisible elementor-widget elementor-widget-heading\" data-id=\"cf844e5\" data-element_type=\"widget\" data-settings=\"{&quot;_animation&quot;:&quot;zoomIn&quot;}\" data-widget_type=\"heading.default\">\n\t\t\t\t<div class=\"elementor-widget-container\">\n\t\t\t<h2 class=\"elementor-heading-title elementor-size-default\">Difusi\u00f3n de Medios<\/h2>\t\t<\/div>\n\t\t\t\t<\/div>\n\t\t\t\t<\/div>\n\t\t<div class=\"elementor-element elementor-element-2b2ba46 e-con-full e-flex e-con e-child\" data-id=\"2b2ba46\" data-element_type=\"container\">\n\t\t\t\t<div class=\"elementor-element elementor-element-da2f607 elementor-widget-divider--view-line elementor-invisible elementor-widget elementor-widget-divider\" data-id=\"da2f607\" data-element_type=\"widget\" data-settings=\"{&quot;_animation&quot;:&quot;fadeInRight&quot;}\" data-widget_type=\"divider.default\">\n\t\t\t\t<div class=\"elementor-widget-container\">\n\t\t\t\t\t<div class=\"elementor-divider\">\n\t\t\t<span class=\"elementor-divider-separator\">\n\t\t\t\t\t\t<\/span>\n\t\t<\/div>\n\t\t\t\t<\/div>\n\t\t\t\t<\/div>\n\t\t\t\t<\/div>\n\t\t<div class=\"elementor-element elementor-element-d9a3be5 e-con-full e-flex e-con e-child\" data-id=\"d9a3be5\" data-element_type=\"container\">\n\t\t\t\t<div class=\"elementor-element elementor-element-4fbbd8b elementor-widget elementor-widget-text-editor\" data-id=\"4fbbd8b\" data-element_type=\"widget\" data-widget_type=\"text-editor.default\">\n\t\t\t\t<div class=\"elementor-widget-container\">\n\t\t\t\t\t\t\t<p>La difusi\u00f3n en los medios de comunicaci\u00f3n implica presentar informaci\u00f3n sobre un producto o servicio a periodistas, blogueros y personas influyentes. El objetivo es obtener cobertura de prensa, menciones de marca y mayor exposici\u00f3n para el negocio.<\/p>\t\t\t\t\t\t<\/div>\n\t\t\t\t<\/div>\n\t\t\t\t<\/div>\n\t\t<div class=\"elementor-element elementor-element-e6353f9 e-con-full e-flex e-con e-child\" data-id=\"e6353f9\" data-element_type=\"container\">\n\t\t\t\t<div class=\"elementor-element elementor-element-82868ff elementor-widget elementor-widget-image\" data-id=\"82868ff\" data-element_type=\"widget\" data-widget_type=\"image.default\">\n\t\t\t\t<div class=\"elementor-widget-container\">\n\t\t\t\t\t\t\t\t\t\t\t\t\t<img fetchpriority=\"high\" decoding=\"async\" width=\"700\" height=\"480\" src=\"https:\/\/subliproperu.com\/wp-content\/uploads\/2024\/07\/imag-1.png\" class=\"attachment-large size-large wp-image-3869\" alt=\"\" srcset=\"https:\/\/subliproperu.com\/wp-content\/uploads\/2024\/07\/imag-1.png 700w, https:\/\/subliproperu.com\/wp-content\/uploads\/2024\/07\/imag-1-300x206.png 300w\" sizes=\"(max-width: 700px) 100vw, 700px\" \/>\t\t\t\t\t\t\t\t\t\t\t\t\t<\/div>\n\t\t\t\t<\/div>\n\t\t\t\t<\/div>\n\t\t\t\t\t<\/div>\n\t\t\t\t<\/div>\n\t\t<div class=\"elementor-element elementor-element-79aed8d e-flex e-con-boxed e-con e-parent\" data-id=\"79aed8d\" data-element_type=\"container\">\n\t\t\t\t\t<div class=\"e-con-inner\">\n\t\t<div class=\"elementor-element elementor-element-57e0b42 e-con-full e-flex e-con e-child\" data-id=\"57e0b42\" data-element_type=\"container\">\n\t\t\t\t<div class=\"elementor-element elementor-element-974a745 elementor-widget elementor-widget-heading\" data-id=\"974a745\" data-element_type=\"widget\" data-widget_type=\"heading.default\">\n\t\t\t\t<div class=\"elementor-widget-container\">\n\t\t\t<h2 class=\"elementor-heading-title elementor-size-default\">\"El consumidor olvidar\u00e1 lo que dijiste, pero jam\u00e1s olvidar\u00e1 lo que le has hecho sentir\"<\/h2>\t\t<\/div>\n\t\t\t\t<\/div>\n\t\t\t\t<\/div>\n\t\t<div class=\"elementor-element elementor-element-f3b7699 e-con-full e-flex e-con e-child\" data-id=\"f3b7699\" data-element_type=\"container\">\n\t\t\t\t<div class=\"elementor-element elementor-element-dc96e57 elementor-widget elementor-widget-text-editor\" data-id=\"dc96e57\" data-element_type=\"widget\" data-widget_type=\"text-editor.default\">\n\t\t\t\t<div class=\"elementor-widget-container\">\n\t\t\t\t\t\t\t<p>Eric Kandel<\/p>\t\t\t\t\t\t<\/div>\n\t\t\t\t<\/div>\n\t\t\t\t<\/div>\n\t\t\t\t\t<\/div>\n\t\t\t\t<\/div>\n\t\t\t\t<\/div>\n\t\t","protected":false},"excerpt":{"rendered":"<p>Presenta Tu Producto Daremos a conocer tus ideas, productos y servicios a la sociedad. Difusi\u00f3n de Medios La difusi\u00f3n en los medios de comunicaci\u00f3n implica presentar informaci\u00f3n sobre un producto o servicio a periodistas, blogueros y personas influyentes. El objetivo es obtener cobertura de prensa, menciones de marca y mayor exposici\u00f3n para el negocio. \u00abEl [&hellip;]<\/p>\n","protected":false},"author":2,"featured_media":0,"parent":0,"menu_order":0,"comment_status":"closed","ping_status":"closed","template":"","meta":{"_joinchat":[],"footnotes":""},"class_list":["post-3483","page","type-page","status-publish","hentry"],"yoast_head":"<!-- This site is optimized with the Yoast SEO plugin v20.3 - https:\/\/yoast.com\/wordpress\/plugins\/seo\/ -->\n<title>Difusi\u00f3n en Medios - SubliPro<\/title>\n<meta name=\"robots\" content=\"index, follow, max-snippet:-1, max-image-preview:large, max-video-preview:-1\" \/>\n<link rel=\"canonical\" href=\"https:\/\/subliproperu.com\/index.php\/difusion-en-medios\/\" \/>\n<meta property=\"og:locale\" content=\"es_ES\" \/>\n<meta property=\"og:type\" content=\"article\" \/>\n<meta property=\"og:title\" content=\"Difusi\u00f3n en Medios - SubliPro\" \/>\n<meta property=\"og:description\" content=\"Presenta Tu Producto Daremos a conocer tus ideas, productos y servicios a la sociedad. Difusi\u00f3n de Medios La difusi\u00f3n en los medios de comunicaci\u00f3n implica presentar informaci\u00f3n sobre un producto o servicio a periodistas, blogueros y personas influyentes. El objetivo es obtener cobertura de prensa, menciones de marca y mayor exposici\u00f3n para el negocio. \u00abEl [&hellip;]\" \/>\n<meta property=\"og:url\" content=\"https:\/\/subliproperu.com\/index.php\/difusion-en-medios\/\" \/>\n<meta property=\"og:site_name\" content=\"SubliPro\" \/>\n<meta property=\"article:modified_time\" content=\"2024-07-10T21:39:24+00:00\" \/>\n<meta property=\"og:image\" content=\"https:\/\/subliproperu.com\/wp-content\/uploads\/2024\/07\/imag-1.png\" \/>\n<meta name=\"twitter:card\" content=\"summary_large_image\" \/>\n<meta name=\"twitter:label1\" content=\"Tiempo de lectura\" \/>\n\t<meta name=\"twitter:data1\" content=\"1 minuto\" \/>\n<script type=\"application\/ld+json\" class=\"yoast-schema-graph\">{\"@context\":\"https:\/\/schema.org\",\"@graph\":[{\"@type\":\"WebPage\",\"@id\":\"https:\/\/subliproperu.com\/index.php\/difusion-en-medios\/\",\"url\":\"https:\/\/subliproperu.com\/index.php\/difusion-en-medios\/\",\"name\":\"Difusi\u00f3n en Medios - SubliPro\",\"isPartOf\":{\"@id\":\"https:\/\/subliproperu.com\/#website\"},\"datePublished\":\"2024-07-05T18:08:56+00:00\",\"dateModified\":\"2024-07-10T21:39:24+00:00\",\"breadcrumb\":{\"@id\":\"https:\/\/subliproperu.com\/index.php\/difusion-en-medios\/#breadcrumb\"},\"inLanguage\":\"es\",\"potentialAction\":[{\"@type\":\"ReadAction\",\"target\":[\"https:\/\/subliproperu.com\/index.php\/difusion-en-medios\/\"]}]},{\"@type\":\"BreadcrumbList\",\"@id\":\"https:\/\/subliproperu.com\/index.php\/difusion-en-medios\/#breadcrumb\",\"itemListElement\":[{\"@type\":\"ListItem\",\"position\":1,\"name\":\"Portada\",\"item\":\"https:\/\/subliproperu.com\/\"},{\"@type\":\"ListItem\",\"position\":2,\"name\":\"Difusi\u00f3n en Medios\"}]},{\"@type\":\"WebSite\",\"@id\":\"https:\/\/subliproperu.com\/#website\",\"url\":\"https:\/\/subliproperu.com\/\",\"name\":\"SubliPro\",\"description\":\"Agencia creativa publicidad\",\"publisher\":{\"@id\":\"https:\/\/subliproperu.com\/#organization\"},\"potentialAction\":[{\"@type\":\"SearchAction\",\"target\":{\"@type\":\"EntryPoint\",\"urlTemplate\":\"https:\/\/subliproperu.com\/?s={search_term_string}\"},\"query-input\":\"required name=search_term_string\"}],\"inLanguage\":\"es\"},{\"@type\":\"Organization\",\"@id\":\"https:\/\/subliproperu.com\/#organization\",\"name\":\"SubliPro\",\"url\":\"https:\/\/subliproperu.com\/\",\"logo\":{\"@type\":\"ImageObject\",\"inLanguage\":\"es\",\"@id\":\"https:\/\/subliproperu.com\/#\/schema\/logo\/image\/\",\"url\":\"https:\/\/subliproperu.com\/wp-content\/uploads\/2023\/10\/logo_sublipropng.png\",\"contentUrl\":\"https:\/\/subliproperu.com\/wp-content\/uploads\/2023\/10\/logo_sublipropng.png\",\"width\":980,\"height\":363,\"caption\":\"SubliPro\"},\"image\":{\"@id\":\"https:\/\/subliproperu.com\/#\/schema\/logo\/image\/\"}}]}<\/script>\n<!-- \/ Yoast SEO plugin. -->","yoast_head_json":{"title":"Difusi\u00f3n en Medios - SubliPro","robots":{"index":"index","follow":"follow","max-snippet":"max-snippet:-1","max-image-preview":"max-image-preview:large","max-video-preview":"max-video-preview:-1"},"canonical":"https:\/\/subliproperu.com\/index.php\/difusion-en-medios\/","og_locale":"es_ES","og_type":"article","og_title":"Difusi\u00f3n en Medios - SubliPro","og_description":"Presenta Tu Producto Daremos a conocer tus ideas, productos y servicios a la sociedad. Difusi\u00f3n de Medios La difusi\u00f3n en los medios de comunicaci\u00f3n implica presentar informaci\u00f3n sobre un producto o servicio a periodistas, blogueros y personas influyentes. El objetivo es obtener cobertura de prensa, menciones de marca y mayor exposici\u00f3n para el negocio. \u00abEl [&hellip;]","og_url":"https:\/\/subliproperu.com\/index.php\/difusion-en-medios\/","og_site_name":"SubliPro","article_modified_time":"2024-07-10T21:39:24+00:00","og_image":[{"url":"https:\/\/subliproperu.com\/wp-content\/uploads\/2024\/07\/imag-1.png"}],"twitter_card":"summary_large_image","twitter_misc":{"Tiempo de lectura":"1 minuto"},"schema":{"@context":"https:\/\/schema.org","@graph":[{"@type":"WebPage","@id":"https:\/\/subliproperu.com\/index.php\/difusion-en-medios\/","url":"https:\/\/subliproperu.com\/index.php\/difusion-en-medios\/","name":"Difusi\u00f3n en Medios - SubliPro","isPartOf":{"@id":"https:\/\/subliproperu.com\/#website"},"datePublished":"2024-07-05T18:08:56+00:00","dateModified":"2024-07-10T21:39:24+00:00","breadcrumb":{"@id":"https:\/\/subliproperu.com\/index.php\/difusion-en-medios\/#breadcrumb"},"inLanguage":"es","potentialAction":[{"@type":"ReadAction","target":["https:\/\/subliproperu.com\/index.php\/difusion-en-medios\/"]}]},{"@type":"BreadcrumbList","@id":"https:\/\/subliproperu.com\/index.php\/difusion-en-medios\/#breadcrumb","itemListElement":[{"@type":"ListItem","position":1,"name":"Portada","item":"https:\/\/subliproperu.com\/"},{"@type":"ListItem","position":2,"name":"Difusi\u00f3n en Medios"}]},{"@type":"WebSite","@id":"https:\/\/subliproperu.com\/#website","url":"https:\/\/subliproperu.com\/","name":"SubliPro","description":"Agencia creativa publicidad","publisher":{"@id":"https:\/\/subliproperu.com\/#organization"},"potentialAction":[{"@type":"SearchAction","target":{"@type":"EntryPoint","urlTemplate":"https:\/\/subliproperu.com\/?s={search_term_string}"},"query-input":"required name=search_term_string"}],"inLanguage":"es"},{"@type":"Organization","@id":"https:\/\/subliproperu.com\/#organization","name":"SubliPro","url":"https:\/\/subliproperu.com\/","logo":{"@type":"ImageObject","inLanguage":"es","@id":"https:\/\/subliproperu.com\/#\/schema\/logo\/image\/","url":"https:\/\/subliproperu.com\/wp-content\/uploads\/2023\/10\/logo_sublipropng.png","contentUrl":"https:\/\/subliproperu.com\/wp-content\/uploads\/2023\/10\/logo_sublipropng.png","width":980,"height":363,"caption":"SubliPro"},"image":{"@id":"https:\/\/subliproperu.com\/#\/schema\/logo\/image\/"}}]}},"_links":{"self":[{"href":"https:\/\/subliproperu.com\/index.php\/wp-json\/wp\/v2\/pages\/3483","targetHints":{"allow":["GET"]}}],"collection":[{"href":"https:\/\/subliproperu.com\/index.php\/wp-json\/wp\/v2\/pages"}],"about":[{"href":"https:\/\/subliproperu.com\/index.php\/wp-json\/wp\/v2\/types\/page"}],"author":[{"embeddable":true,"href":"https:\/\/subliproperu.com\/index.php\/wp-json\/wp\/v2\/users\/2"}],"replies":[{"embeddable":true,"href":"https:\/\/subliproperu.com\/index.php\/wp-json\/wp\/v2\/comments?post=3483"}],"version-history":[{"count":34,"href":"https:\/\/subliproperu.com\/index.php\/wp-json\/wp\/v2\/pages\/3483\/revisions"}],"predecessor-version":[{"id":3872,"href":"https:\/\/subliproperu.com\/index.php\/wp-json\/wp\/v2\/pages\/3483\/revisions\/3872"}],"wp:attachment":[{"href":"https:\/\/subliproperu.com\/index.php\/wp-json\/wp\/v2\/media?parent=3483"}],"curies":[{"name":"wp","href":"https:\/\/api.w.org\/{rel}","templated":true}]}}