{"id":3469,"date":"2024-07-05T13:08:21","date_gmt":"2024-07-05T18:08:21","guid":{"rendered":"https:\/\/subliproperu.com\/?page_id=3469"},"modified":"2024-08-26T10:28:20","modified_gmt":"2024-08-26T15:28:20","slug":"desarrollo-web","status":"publish","type":"page","link":"https:\/\/subliproperu.com\/index.php\/desarrollo-web\/","title":{"rendered":"Desarrollo Web"},"content":{"rendered":"\t\t<div data-elementor-type=\"wp-page\" data-elementor-id=\"3469\" class=\"elementor elementor-3469\" data-elementor-post-type=\"page\">\n\t\t\t\t<div class=\"elementor-element elementor-element-f37b8b4 e-flex e-con-boxed e-con e-parent\" data-id=\"f37b8b4\" data-element_type=\"container\" data-settings=\"{&quot;background_background&quot;:&quot;classic&quot;}\">\n\t\t\t\t\t<div class=\"e-con-inner\">\n\t\t<div class=\"elementor-element elementor-element-10bce54 e-con-full e-flex e-con e-child\" data-id=\"10bce54\" data-element_type=\"container\">\n\t\t\t\t<div class=\"elementor-element elementor-element-d28faae elementor-invisible elementor-widget elementor-widget-heading\" data-id=\"d28faae\" data-element_type=\"widget\" data-settings=\"{&quot;_animation&quot;:&quot;fadeInDown&quot;}\" data-widget_type=\"heading.default\">\n\t\t\t\t<div class=\"elementor-widget-container\">\n\t\t\t<h2 class=\"elementor-heading-title elementor-size-default\">Innova Tu Sitio Web Profesional<\/h2>\t\t<\/div>\n\t\t\t\t<\/div>\n\t\t\t\t<\/div>\n\t\t<div class=\"elementor-element elementor-element-b331dfc e-con-full e-flex e-con e-child\" data-id=\"b331dfc\" data-element_type=\"container\">\n\t\t\t\t<div class=\"elementor-element elementor-element-b2a8b3f elementor-invisible elementor-widget elementor-widget-text-editor\" data-id=\"b2a8b3f\" data-element_type=\"widget\" data-settings=\"{&quot;_animation&quot;:&quot;bounceInUp&quot;}\" data-widget_type=\"text-editor.default\">\n\t\t\t\t<div class=\"elementor-widget-container\">\n\t\t\t\t\t\t\t<p>Nos encargamos de planificar, dise\u00f1ar, implementar y mantener tus sitios web enfoc\u00e1ndonos en la experiencia del usuario y en la est\u00e9tica visual.<\/p>\t\t\t\t\t\t<\/div>\n\t\t\t\t<\/div>\n\t\t\t\t<\/div>\n\t\t\t\t\t<\/div>\n\t\t\t\t<\/div>\n\t\t<div class=\"elementor-element elementor-element-2c979dc e-flex e-con-boxed e-con e-parent\" data-id=\"2c979dc\" data-element_type=\"container\">\n\t\t\t\t\t<div class=\"e-con-inner\">\n\t\t<div class=\"elementor-element elementor-element-b355bb2 e-con-full e-flex e-con e-child\" data-id=\"b355bb2\" data-element_type=\"container\">\n\t\t\t\t<div class=\"elementor-element elementor-element-ae5902f elementor-invisible elementor-widget elementor-widget-tp-heading-animation\" data-id=\"ae5902f\" data-element_type=\"widget\" data-settings=\"{&quot;_animation&quot;:&quot;fadeIn&quot;}\" data-widget_type=\"tp-heading-animation.default\">\n\t\t\t\t<div class=\"elementor-widget-container\">\n\t\t\t<style>.heading-animation69e3607d6e74b .pt-plus-cd-headline.loading-bar .cd-words-wrapper::after{background-color: #00B7EB;}<\/style><div class=\"pt-plus-heading-animation heading-animation head-anim-style-1  heading-animation69e3607d6e74b\"  ><h2 class=\"pt-plus-cd-headline letters type\" ><span >SUBLIPRO <\/span><span class=\"cd-words-wrapper waiting\" style=\"background: #FFFFFF;\"><b  class=\"is-visible\"> PERU<\/b><\/span><span > | soluciones inform\u00e1ticas para tu empresa <\/span><\/h2><\/div>\t\t<\/div>\n\t\t\t\t<\/div>\n\t\t\t\t<\/div>\n\t\t<div class=\"elementor-element elementor-element-dbc5e87 e-con-full e-flex e-con e-child\" data-id=\"dbc5e87\" data-element_type=\"container\">\n\t\t\t\t<div class=\"elementor-element elementor-element-be323bc elementor-invisible elementor-widget elementor-widget-be-timeline\" data-id=\"be323bc\" data-element_type=\"widget\" data-settings=\"{&quot;_animation&quot;:&quot;rotateInUpRight&quot;}\" data-widget_type=\"be-timeline.default\">\n\t\t\t\t<div class=\"elementor-widget-container\">\n\t\t\t<ul class=\"be-pack timeline\">\t\t\t\t<li class=\"timeline-inverted\">\n\t\t\t \n\t\t\t<div class=\"tl-circ\"><\/div>\n\t\t\t  <div class=\"timeline-panel\">\n\t\t\t\t<div class=\"tl-heading\">\n\t\t\t\t\t<div class=\"tl-content\">\n\t\t\t\t\t\t<div class=\"timeline_pic pull-left\"><img fetchpriority=\"high\" decoding=\"async\" width=\"768\" height=\"614\" src=\"https:\/\/subliproperu.com\/wp-content\/uploads\/2024\/08\/ev-ini-768x614.png\" class=\"be-image\" alt=\"\" srcset=\"https:\/\/subliproperu.com\/wp-content\/uploads\/2024\/08\/ev-ini-768x614.png 768w, https:\/\/subliproperu.com\/wp-content\/uploads\/2024\/08\/ev-ini-300x240.png 300w, https:\/\/subliproperu.com\/wp-content\/uploads\/2024\/08\/ev-ini.png 1000w\" sizes=\"(max-width: 768px) 100vw, 768px\" \/><\/div>\t\t\t\t\t\t<div class=\"be-desc\">\n\t\t\t\t\t\t<h2 class=\"be-title\"><\/h2>\t\t\t\t\t\t<div class=\"be-content\">\n\t\t\t\t\t\t\t<p style=\"text-align: center\">Evaluaci\u00f3n Inicial<\/p> \n\t\t\t\t\t\t<\/div>\n\t\t\t\t\t\t<\/div>\n\t\t\t\t\t<\/div>\n\t\t\t\t<\/div>\n\t\t\t  <\/div>\n\t\t\t<\/li>\n\t\t\t\t\t\t<li class=\"timeline-right\">\n\t\t\t \n\t\t\t<div class=\"tl-circ\"><\/div>\n\t\t\t  <div class=\"timeline-panel\">\n\t\t\t\t<div class=\"tl-heading\">\n\t\t\t\t\t<div class=\"tl-content\">\n\t\t\t\t\t\t<div class=\"timeline_pic pull-left\"><img decoding=\"async\" width=\"768\" height=\"614\" src=\"https:\/\/subliproperu.com\/wp-content\/uploads\/2024\/08\/despro-768x614.png\" class=\"be-image\" alt=\"\" srcset=\"https:\/\/subliproperu.com\/wp-content\/uploads\/2024\/08\/despro-768x614.png 768w, https:\/\/subliproperu.com\/wp-content\/uploads\/2024\/08\/despro-300x240.png 300w, https:\/\/subliproperu.com\/wp-content\/uploads\/2024\/08\/despro.png 1000w\" sizes=\"(max-width: 768px) 100vw, 768px\" \/><\/div>\t\t\t\t\t\t<div class=\"be-desc\">\n\t\t\t\t\t\t<h2 class=\"be-title\"><\/h2>\t\t\t\t\t\t<div class=\"be-content\">\n\t\t\t\t\t\t\t<p style=\"text-align: center\">Desarrollo de Propuesta<\/p> \n\t\t\t\t\t\t<\/div>\n\t\t\t\t\t\t<\/div>\n\t\t\t\t\t<\/div>\n\t\t\t\t<\/div>\n\t\t\t  <\/div>\n\t\t\t<\/li>\n\t\t\t\t\t\t\t<li class=\"timeline-inverted\">\n\t\t\t \n\t\t\t<div class=\"tl-circ\"><\/div>\n\t\t\t  <div class=\"timeline-panel\">\n\t\t\t\t<div class=\"tl-heading\">\n\t\t\t\t\t<div class=\"tl-content\">\n\t\t\t\t\t\t<div class=\"timeline_pic pull-left\"><img decoding=\"async\" width=\"768\" height=\"614\" src=\"https:\/\/subliproperu.com\/wp-content\/uploads\/2024\/08\/despro-2-768x614.png\" class=\"be-image\" alt=\"\" srcset=\"https:\/\/subliproperu.com\/wp-content\/uploads\/2024\/08\/despro-2-768x614.png 768w, https:\/\/subliproperu.com\/wp-content\/uploads\/2024\/08\/despro-2-300x240.png 300w, https:\/\/subliproperu.com\/wp-content\/uploads\/2024\/08\/despro-2.png 1000w\" sizes=\"(max-width: 768px) 100vw, 768px\" \/><\/div>\t\t\t\t\t\t<div class=\"be-desc\">\n\t\t\t\t\t\t<h2 class=\"be-title\"><\/h2>\t\t\t\t\t\t<div class=\"be-content\">\n\t\t\t\t\t\t\t<p style=\"text-align: center\">Implementaci\u00f3n de Servicios<\/p> \n\t\t\t\t\t\t<\/div>\n\t\t\t\t\t\t<\/div>\n\t\t\t\t\t<\/div>\n\t\t\t\t<\/div>\n\t\t\t  <\/div>\n\t\t\t<\/li>\n\t\t\t\t\t\t<li class=\"timeline-right\">\n\t\t\t \n\t\t\t<div class=\"tl-circ\"><\/div>\n\t\t\t  <div class=\"timeline-panel\">\n\t\t\t\t<div class=\"tl-heading\">\n\t\t\t\t\t<div class=\"tl-content\">\n\t\t\t\t\t\t<div class=\"timeline_pic pull-left\"><img loading=\"lazy\" decoding=\"async\" width=\"768\" height=\"614\" src=\"https:\/\/subliproperu.com\/wp-content\/uploads\/2024\/08\/despro-3-768x614.png\" class=\"be-image\" alt=\"\" srcset=\"https:\/\/subliproperu.com\/wp-content\/uploads\/2024\/08\/despro-3-768x614.png 768w, https:\/\/subliproperu.com\/wp-content\/uploads\/2024\/08\/despro-3-300x240.png 300w, https:\/\/subliproperu.com\/wp-content\/uploads\/2024\/08\/despro-3.png 1000w\" sizes=\"(max-width: 768px) 100vw, 768px\" \/><\/div>\t\t\t\t\t\t<div class=\"be-desc\">\n\t\t\t\t\t\t<h2 class=\"be-title\"><\/h2>\t\t\t\t\t\t<div class=\"be-content\">\n\t\t\t\t\t\t\t<p style=\"text-align: center\">Soporte Continuo y Actualizaci\u00f3n<\/p> \n\t\t\t\t\t\t<\/div>\n\t\t\t\t\t\t<\/div>\n\t\t\t\t\t<\/div>\n\t\t\t\t<\/div>\n\t\t\t  <\/div>\n\t\t\t<\/li>\n\t\t\t\t\t\t\t<li class=\"timeline-inverted\">\n\t\t\t \n\t\t\t<div class=\"tl-circ\"><\/div>\n\t\t\t  <div class=\"timeline-panel\">\n\t\t\t\t<div class=\"tl-heading\">\n\t\t\t\t\t<div class=\"tl-content\">\n\t\t\t\t\t\t<div class=\"timeline_pic pull-left\"><img loading=\"lazy\" decoding=\"async\" width=\"768\" height=\"614\" src=\"https:\/\/subliproperu.com\/wp-content\/uploads\/2024\/08\/despro-4-768x614.png\" class=\"be-image\" alt=\"\" srcset=\"https:\/\/subliproperu.com\/wp-content\/uploads\/2024\/08\/despro-4-768x614.png 768w, https:\/\/subliproperu.com\/wp-content\/uploads\/2024\/08\/despro-4-300x240.png 300w, https:\/\/subliproperu.com\/wp-content\/uploads\/2024\/08\/despro-4.png 1000w\" sizes=\"(max-width: 768px) 100vw, 768px\" \/><\/div>\t\t\t\t\t\t<div class=\"be-desc\">\n\t\t\t\t\t\t<h2 class=\"be-title\"><\/h2>\t\t\t\t\t\t<div class=\"be-content\">\n\t\t\t\t\t\t\t<p style=\"text-align: center\">Comunicaci\u00f3n y Retroalimentaci\u00f3n<\/p> \n\t\t\t\t\t\t<\/div>\n\t\t\t\t\t\t<\/div>\n\t\t\t\t\t<\/div>\n\t\t\t\t<\/div>\n\t\t\t  <\/div>\n\t\t\t<\/li>\n\t\t\t \n      <\/ul>\n\n\t\t\t<\/div>\n\t\t\t\t<\/div>\n\t\t\t\t<\/div>\n\t\t<div class=\"elementor-element elementor-element-aefeeb6 e-con-full e-flex e-con e-child\" data-id=\"aefeeb6\" data-element_type=\"container\" data-settings=\"{&quot;background_background&quot;:&quot;classic&quot;}\">\n\t\t<div class=\"elementor-element elementor-element-bf3574b e-flex e-con-boxed e-con e-child\" data-id=\"bf3574b\" data-element_type=\"container\">\n\t\t\t\t\t<div class=\"e-con-inner\">\n\t\t\t\t<div class=\"elementor-element elementor-element-dbae1f1 elementor-widget-divider--view-line elementor-invisible elementor-widget elementor-widget-divider\" data-id=\"dbae1f1\" data-element_type=\"widget\" data-settings=\"{&quot;_animation&quot;:&quot;fadeInLeft&quot;}\" data-widget_type=\"divider.default\">\n\t\t\t\t<div class=\"elementor-widget-container\">\n\t\t\t\t\t<div class=\"elementor-divider\">\n\t\t\t<span class=\"elementor-divider-separator\">\n\t\t\t\t\t\t<\/span>\n\t\t<\/div>\n\t\t\t\t<\/div>\n\t\t\t\t<\/div>\n\t\t\t\t\t<\/div>\n\t\t\t\t<\/div>\n\t\t<div class=\"elementor-element elementor-element-ad2b293 e-flex e-con-boxed e-con e-child\" data-id=\"ad2b293\" data-element_type=\"container\">\n\t\t\t\t\t<div class=\"e-con-inner\">\n\t\t\t\t<div class=\"elementor-element elementor-element-330b0f9 elementor-invisible elementor-widget elementor-widget-heading\" data-id=\"330b0f9\" data-element_type=\"widget\" data-settings=\"{&quot;_animation&quot;:&quot;zoomIn&quot;}\" data-widget_type=\"heading.default\">\n\t\t\t\t<div class=\"elementor-widget-container\">\n\t\t\t<h2 class=\"elementor-heading-title elementor-size-default\">Dise\u00f1os Web<\/h2>\t\t<\/div>\n\t\t\t\t<\/div>\n\t\t\t\t\t<\/div>\n\t\t\t\t<\/div>\n\t\t<div class=\"elementor-element elementor-element-3f63a55 e-flex e-con-boxed e-con e-child\" data-id=\"3f63a55\" data-element_type=\"container\">\n\t\t\t\t\t<div class=\"e-con-inner\">\n\t\t\t\t<div class=\"elementor-element elementor-element-3452768 elementor-widget-divider--view-line elementor-invisible elementor-widget elementor-widget-divider\" data-id=\"3452768\" data-element_type=\"widget\" data-settings=\"{&quot;_animation&quot;:&quot;fadeInRight&quot;}\" data-widget_type=\"divider.default\">\n\t\t\t\t<div class=\"elementor-widget-container\">\n\t\t\t\t\t<div class=\"elementor-divider\">\n\t\t\t<span class=\"elementor-divider-separator\">\n\t\t\t\t\t\t<\/span>\n\t\t<\/div>\n\t\t\t\t<\/div>\n\t\t\t\t<\/div>\n\t\t\t\t\t<\/div>\n\t\t\t\t<\/div>\n\t\t<div class=\"elementor-element elementor-element-71c7045 e-flex e-con-boxed e-con e-child\" data-id=\"71c7045\" data-element_type=\"container\">\n\t\t\t\t\t<div class=\"e-con-inner\">\n\t\t\t\t<div class=\"elementor-element elementor-element-4068318 elementor-invisible elementor-widget elementor-widget-text-editor\" data-id=\"4068318\" data-element_type=\"widget\" data-settings=\"{&quot;_animation&quot;:&quot;bounceInLeft&quot;}\" data-widget_type=\"text-editor.default\">\n\t\t\t\t<div class=\"elementor-widget-container\">\n\t\t\t\t\t\t\t<p>El dise\u00f1o web es una actividad creativa enfocada en realizar la parte visual de entornos y materiales digitales. Se encarga de las interfaces de plataformas digitales como un sitio web o una app y realiza una configuraci\u00f3n visible y funcional para el usuario al distribuir y conceptualizar diversos elementos.<\/p>\t\t\t\t\t\t<\/div>\n\t\t\t\t<\/div>\n\t\t\t\t\t<\/div>\n\t\t\t\t<\/div>\n\t\t<div class=\"elementor-element elementor-element-da34c52 e-flex e-con-boxed e-con e-child\" data-id=\"da34c52\" data-element_type=\"container\">\n\t\t\t\t\t<div class=\"e-con-inner\">\n\t\t\t\t<div class=\"elementor-element elementor-element-192a995 elementor-invisible elementor-widget elementor-widget-image\" data-id=\"192a995\" data-element_type=\"widget\" data-settings=\"{&quot;_animation&quot;:&quot;bounceIn&quot;}\" data-widget_type=\"image.default\">\n\t\t\t\t<div class=\"elementor-widget-container\">\n\t\t\t\t\t\t\t\t\t\t\t\t\t<img loading=\"lazy\" decoding=\"async\" width=\"700\" height=\"480\" src=\"https:\/\/subliproperu.com\/wp-content\/uploads\/2024\/07\/imag-4.png\" class=\"attachment-large size-large wp-image-3860\" alt=\"\" srcset=\"https:\/\/subliproperu.com\/wp-content\/uploads\/2024\/07\/imag-4.png 700w, https:\/\/subliproperu.com\/wp-content\/uploads\/2024\/07\/imag-4-300x206.png 300w\" sizes=\"(max-width: 700px) 100vw, 700px\" \/>\t\t\t\t\t\t\t\t\t\t\t\t\t<\/div>\n\t\t\t\t<\/div>\n\t\t\t\t\t<\/div>\n\t\t\t\t<\/div>\n\t\t\t\t<\/div>\n\t\t\t\t\t<\/div>\n\t\t\t\t<\/div>\n\t\t<div class=\"elementor-element elementor-element-e1aaea6 e-flex e-con-boxed e-con e-parent\" data-id=\"e1aaea6\" data-element_type=\"container\">\n\t\t\t\t\t<div class=\"e-con-inner\">\n\t\t<div class=\"elementor-element elementor-element-25c2871 e-flex e-con-boxed e-con e-child\" data-id=\"25c2871\" data-element_type=\"container\">\n\t\t\t\t\t<div class=\"e-con-inner\">\n\t\t\t\t<div class=\"elementor-element elementor-element-eceafc3 elementor-invisible elementor-widget elementor-widget-heading\" data-id=\"eceafc3\" data-element_type=\"widget\" data-settings=\"{&quot;_animation&quot;:&quot;slideInDown&quot;}\" data-widget_type=\"heading.default\">\n\t\t\t\t<div class=\"elementor-widget-container\">\n\t\t\t<h2 class=\"elementor-heading-title elementor-size-default\">Importancia del Dise\u00f1o Web<\/h2>\t\t<\/div>\n\t\t\t\t<\/div>\n\t\t\t\t\t<\/div>\n\t\t\t\t<\/div>\n\t\t<div class=\"elementor-element elementor-element-9ef796a e-con-full e-flex elementor-invisible e-con e-child\" data-id=\"9ef796a\" data-element_type=\"container\" data-settings=\"{&quot;animation&quot;:&quot;fadeInUp&quot;}\">\n\t\t\t\t<div class=\"elementor-element elementor-element-36c19e0 e-transform elementor-widget elementor-widget-text-editor\" data-id=\"36c19e0\" data-element_type=\"widget\" data-settings=\"{&quot;_transform_translateX_effect_hover&quot;:{&quot;unit&quot;:&quot;px&quot;,&quot;size&quot;:-5,&quot;sizes&quot;:[]},&quot;_transform_translateY_effect_hover&quot;:{&quot;unit&quot;:&quot;px&quot;,&quot;size&quot;:-5,&quot;sizes&quot;:[]},&quot;_transform_translateX_effect_hover_tablet&quot;:{&quot;unit&quot;:&quot;px&quot;,&quot;size&quot;:&quot;&quot;,&quot;sizes&quot;:[]},&quot;_transform_translateX_effect_hover_mobile&quot;:{&quot;unit&quot;:&quot;px&quot;,&quot;size&quot;:&quot;&quot;,&quot;sizes&quot;:[]},&quot;_transform_translateY_effect_hover_tablet&quot;:{&quot;unit&quot;:&quot;px&quot;,&quot;size&quot;:&quot;&quot;,&quot;sizes&quot;:[]},&quot;_transform_translateY_effect_hover_mobile&quot;:{&quot;unit&quot;:&quot;px&quot;,&quot;size&quot;:&quot;&quot;,&quot;sizes&quot;:[]}}\" data-widget_type=\"text-editor.default\">\n\t\t\t\t<div class=\"elementor-widget-container\">\n\t\t\t\t\t\t\t<p>Presentar tu negocio a clientes potenciales en todo el mundo<\/p>\t\t\t\t\t\t<\/div>\n\t\t\t\t<\/div>\n\t\t\t\t<\/div>\n\t\t<div class=\"elementor-element elementor-element-03923d6 e-con-full e-flex elementor-invisible e-con e-child\" data-id=\"03923d6\" data-element_type=\"container\" data-settings=\"{&quot;animation&quot;:&quot;fadeInUp&quot;}\">\n\t\t\t\t<div class=\"elementor-element elementor-element-de57bdd e-transform elementor-widget elementor-widget-text-editor\" data-id=\"de57bdd\" data-element_type=\"widget\" data-settings=\"{&quot;_transform_translateX_effect_hover&quot;:{&quot;unit&quot;:&quot;px&quot;,&quot;size&quot;:-5,&quot;sizes&quot;:[]},&quot;_transform_translateY_effect_hover&quot;:{&quot;unit&quot;:&quot;px&quot;,&quot;size&quot;:-5,&quot;sizes&quot;:[]},&quot;_transform_translateX_effect_hover_tablet&quot;:{&quot;unit&quot;:&quot;px&quot;,&quot;size&quot;:&quot;&quot;,&quot;sizes&quot;:[]},&quot;_transform_translateX_effect_hover_mobile&quot;:{&quot;unit&quot;:&quot;px&quot;,&quot;size&quot;:&quot;&quot;,&quot;sizes&quot;:[]},&quot;_transform_translateY_effect_hover_tablet&quot;:{&quot;unit&quot;:&quot;px&quot;,&quot;size&quot;:&quot;&quot;,&quot;sizes&quot;:[]},&quot;_transform_translateY_effect_hover_mobile&quot;:{&quot;unit&quot;:&quot;px&quot;,&quot;size&quot;:&quot;&quot;,&quot;sizes&quot;:[]}}\" data-widget_type=\"text-editor.default\">\n\t\t\t\t<div class=\"elementor-widget-container\">\n\t\t\t\t\t\t\t<p>Atraer clientes potenciales con una adecuada estrategia de marketing<\/p>\t\t\t\t\t\t<\/div>\n\t\t\t\t<\/div>\n\t\t\t\t<\/div>\n\t\t<div class=\"elementor-element elementor-element-7a7fd7c e-con-full e-flex elementor-invisible e-con e-child\" data-id=\"7a7fd7c\" data-element_type=\"container\" data-settings=\"{&quot;animation&quot;:&quot;fadeInUp&quot;}\">\n\t\t\t\t<div class=\"elementor-element elementor-element-709d881 e-transform elementor-widget elementor-widget-text-editor\" data-id=\"709d881\" data-element_type=\"widget\" data-settings=\"{&quot;_transform_translateX_effect_hover&quot;:{&quot;unit&quot;:&quot;px&quot;,&quot;size&quot;:-5,&quot;sizes&quot;:[]},&quot;_transform_translateY_effect_hover&quot;:{&quot;unit&quot;:&quot;px&quot;,&quot;size&quot;:-5,&quot;sizes&quot;:[]},&quot;_transform_translateX_effect_hover_tablet&quot;:{&quot;unit&quot;:&quot;px&quot;,&quot;size&quot;:&quot;&quot;,&quot;sizes&quot;:[]},&quot;_transform_translateX_effect_hover_mobile&quot;:{&quot;unit&quot;:&quot;px&quot;,&quot;size&quot;:&quot;&quot;,&quot;sizes&quot;:[]},&quot;_transform_translateY_effect_hover_tablet&quot;:{&quot;unit&quot;:&quot;px&quot;,&quot;size&quot;:&quot;&quot;,&quot;sizes&quot;:[]},&quot;_transform_translateY_effect_hover_mobile&quot;:{&quot;unit&quot;:&quot;px&quot;,&quot;size&quot;:&quot;&quot;,&quot;sizes&quot;:[]}}\" data-widget_type=\"text-editor.default\">\n\t\t\t\t<div class=\"elementor-widget-container\">\n\t\t\t\t\t\t\t<p>Superar a la competencia ofreciendo una mejor experiencia<\/p>\t\t\t\t\t\t<\/div>\n\t\t\t\t<\/div>\n\t\t\t\t<\/div>\n\t\t\t\t\t<\/div>\n\t\t\t\t<\/div>\n\t\t\t\t<\/div>\n\t\t","protected":false},"excerpt":{"rendered":"<p>Innova Tu Sitio Web Profesional Nos encargamos de planificar, dise\u00f1ar, implementar y mantener tus sitios web enfoc\u00e1ndonos en la experiencia del usuario y en la est\u00e9tica visual. SUBLIPRO PERU | soluciones inform\u00e1ticas para tu empresa Evaluaci\u00f3n Inicial Desarrollo de Propuesta Implementaci\u00f3n de Servicios Soporte Continuo y Actualizaci\u00f3n Comunicaci\u00f3n y Retroalimentaci\u00f3n Dise\u00f1os Web El dise\u00f1o web [&hellip;]<\/p>\n","protected":false},"author":2,"featured_media":0,"parent":0,"menu_order":0,"comment_status":"closed","ping_status":"closed","template":"elementor_header_footer","meta":{"_joinchat":[],"footnotes":""},"class_list":["post-3469","page","type-page","status-publish","hentry"],"yoast_head":"<!-- This site is optimized with the Yoast SEO plugin v20.3 - https:\/\/yoast.com\/wordpress\/plugins\/seo\/ -->\n<title>Desarrollo Web - SubliPro<\/title>\n<meta name=\"robots\" content=\"index, follow, max-snippet:-1, max-image-preview:large, max-video-preview:-1\" \/>\n<link rel=\"canonical\" href=\"https:\/\/subliproperu.com\/index.php\/desarrollo-web\/\" \/>\n<meta property=\"og:locale\" content=\"es_ES\" \/>\n<meta property=\"og:type\" content=\"article\" \/>\n<meta property=\"og:title\" content=\"Desarrollo Web - SubliPro\" \/>\n<meta property=\"og:description\" content=\"Innova Tu Sitio Web Profesional Nos encargamos de planificar, dise\u00f1ar, implementar y mantener tus sitios web enfoc\u00e1ndonos en la experiencia del usuario y en la est\u00e9tica visual. SUBLIPRO PERU | soluciones inform\u00e1ticas para tu empresa Evaluaci\u00f3n Inicial Desarrollo de Propuesta Implementaci\u00f3n de Servicios Soporte Continuo y Actualizaci\u00f3n Comunicaci\u00f3n y Retroalimentaci\u00f3n Dise\u00f1os Web El dise\u00f1o web [&hellip;]\" \/>\n<meta property=\"og:url\" content=\"https:\/\/subliproperu.com\/index.php\/desarrollo-web\/\" \/>\n<meta property=\"og:site_name\" content=\"SubliPro\" \/>\n<meta property=\"article:modified_time\" content=\"2024-08-26T15:28:20+00:00\" \/>\n<meta property=\"og:image\" content=\"https:\/\/subliproperu.com\/wp-content\/uploads\/2024\/08\/ev-ini-768x614.png\" \/>\n<meta name=\"twitter:card\" content=\"summary_large_image\" \/>\n<meta name=\"twitter:label1\" content=\"Tiempo de lectura\" \/>\n\t<meta name=\"twitter:data1\" content=\"2 minutos\" \/>\n<script type=\"application\/ld+json\" class=\"yoast-schema-graph\">{\"@context\":\"https:\/\/schema.org\",\"@graph\":[{\"@type\":\"WebPage\",\"@id\":\"https:\/\/subliproperu.com\/index.php\/desarrollo-web\/\",\"url\":\"https:\/\/subliproperu.com\/index.php\/desarrollo-web\/\",\"name\":\"Desarrollo Web - SubliPro\",\"isPartOf\":{\"@id\":\"https:\/\/subliproperu.com\/#website\"},\"datePublished\":\"2024-07-05T18:08:21+00:00\",\"dateModified\":\"2024-08-26T15:28:20+00:00\",\"breadcrumb\":{\"@id\":\"https:\/\/subliproperu.com\/index.php\/desarrollo-web\/#breadcrumb\"},\"inLanguage\":\"es\",\"potentialAction\":[{\"@type\":\"ReadAction\",\"target\":[\"https:\/\/subliproperu.com\/index.php\/desarrollo-web\/\"]}]},{\"@type\":\"BreadcrumbList\",\"@id\":\"https:\/\/subliproperu.com\/index.php\/desarrollo-web\/#breadcrumb\",\"itemListElement\":[{\"@type\":\"ListItem\",\"position\":1,\"name\":\"Portada\",\"item\":\"https:\/\/subliproperu.com\/\"},{\"@type\":\"ListItem\",\"position\":2,\"name\":\"Desarrollo Web\"}]},{\"@type\":\"WebSite\",\"@id\":\"https:\/\/subliproperu.com\/#website\",\"url\":\"https:\/\/subliproperu.com\/\",\"name\":\"SubliPro\",\"description\":\"Agencia creativa publicidad\",\"publisher\":{\"@id\":\"https:\/\/subliproperu.com\/#organization\"},\"potentialAction\":[{\"@type\":\"SearchAction\",\"target\":{\"@type\":\"EntryPoint\",\"urlTemplate\":\"https:\/\/subliproperu.com\/?s={search_term_string}\"},\"query-input\":\"required name=search_term_string\"}],\"inLanguage\":\"es\"},{\"@type\":\"Organization\",\"@id\":\"https:\/\/subliproperu.com\/#organization\",\"name\":\"SubliPro\",\"url\":\"https:\/\/subliproperu.com\/\",\"logo\":{\"@type\":\"ImageObject\",\"inLanguage\":\"es\",\"@id\":\"https:\/\/subliproperu.com\/#\/schema\/logo\/image\/\",\"url\":\"https:\/\/subliproperu.com\/wp-content\/uploads\/2023\/10\/logo_sublipropng.png\",\"contentUrl\":\"https:\/\/subliproperu.com\/wp-content\/uploads\/2023\/10\/logo_sublipropng.png\",\"width\":980,\"height\":363,\"caption\":\"SubliPro\"},\"image\":{\"@id\":\"https:\/\/subliproperu.com\/#\/schema\/logo\/image\/\"}}]}<\/script>\n<!-- \/ Yoast SEO plugin. -->","yoast_head_json":{"title":"Desarrollo Web - SubliPro","robots":{"index":"index","follow":"follow","max-snippet":"max-snippet:-1","max-image-preview":"max-image-preview:large","max-video-preview":"max-video-preview:-1"},"canonical":"https:\/\/subliproperu.com\/index.php\/desarrollo-web\/","og_locale":"es_ES","og_type":"article","og_title":"Desarrollo Web - SubliPro","og_description":"Innova Tu Sitio Web Profesional Nos encargamos de planificar, dise\u00f1ar, implementar y mantener tus sitios web enfoc\u00e1ndonos en la experiencia del usuario y en la est\u00e9tica visual. SUBLIPRO PERU | soluciones inform\u00e1ticas para tu empresa Evaluaci\u00f3n Inicial Desarrollo de Propuesta Implementaci\u00f3n de Servicios Soporte Continuo y Actualizaci\u00f3n Comunicaci\u00f3n y Retroalimentaci\u00f3n Dise\u00f1os Web El dise\u00f1o web [&hellip;]","og_url":"https:\/\/subliproperu.com\/index.php\/desarrollo-web\/","og_site_name":"SubliPro","article_modified_time":"2024-08-26T15:28:20+00:00","og_image":[{"url":"https:\/\/subliproperu.com\/wp-content\/uploads\/2024\/08\/ev-ini-768x614.png"}],"twitter_card":"summary_large_image","twitter_misc":{"Tiempo de lectura":"2 minutos"},"schema":{"@context":"https:\/\/schema.org","@graph":[{"@type":"WebPage","@id":"https:\/\/subliproperu.com\/index.php\/desarrollo-web\/","url":"https:\/\/subliproperu.com\/index.php\/desarrollo-web\/","name":"Desarrollo Web - SubliPro","isPartOf":{"@id":"https:\/\/subliproperu.com\/#website"},"datePublished":"2024-07-05T18:08:21+00:00","dateModified":"2024-08-26T15:28:20+00:00","breadcrumb":{"@id":"https:\/\/subliproperu.com\/index.php\/desarrollo-web\/#breadcrumb"},"inLanguage":"es","potentialAction":[{"@type":"ReadAction","target":["https:\/\/subliproperu.com\/index.php\/desarrollo-web\/"]}]},{"@type":"BreadcrumbList","@id":"https:\/\/subliproperu.com\/index.php\/desarrollo-web\/#breadcrumb","itemListElement":[{"@type":"ListItem","position":1,"name":"Portada","item":"https:\/\/subliproperu.com\/"},{"@type":"ListItem","position":2,"name":"Desarrollo Web"}]},{"@type":"WebSite","@id":"https:\/\/subliproperu.com\/#website","url":"https:\/\/subliproperu.com\/","name":"SubliPro","description":"Agencia creativa publicidad","publisher":{"@id":"https:\/\/subliproperu.com\/#organization"},"potentialAction":[{"@type":"SearchAction","target":{"@type":"EntryPoint","urlTemplate":"https:\/\/subliproperu.com\/?s={search_term_string}"},"query-input":"required name=search_term_string"}],"inLanguage":"es"},{"@type":"Organization","@id":"https:\/\/subliproperu.com\/#organization","name":"SubliPro","url":"https:\/\/subliproperu.com\/","logo":{"@type":"ImageObject","inLanguage":"es","@id":"https:\/\/subliproperu.com\/#\/schema\/logo\/image\/","url":"https:\/\/subliproperu.com\/wp-content\/uploads\/2023\/10\/logo_sublipropng.png","contentUrl":"https:\/\/subliproperu.com\/wp-content\/uploads\/2023\/10\/logo_sublipropng.png","width":980,"height":363,"caption":"SubliPro"},"image":{"@id":"https:\/\/subliproperu.com\/#\/schema\/logo\/image\/"}}]}},"_links":{"self":[{"href":"https:\/\/subliproperu.com\/index.php\/wp-json\/wp\/v2\/pages\/3469","targetHints":{"allow":["GET"]}}],"collection":[{"href":"https:\/\/subliproperu.com\/index.php\/wp-json\/wp\/v2\/pages"}],"about":[{"href":"https:\/\/subliproperu.com\/index.php\/wp-json\/wp\/v2\/types\/page"}],"author":[{"embeddable":true,"href":"https:\/\/subliproperu.com\/index.php\/wp-json\/wp\/v2\/users\/2"}],"replies":[{"embeddable":true,"href":"https:\/\/subliproperu.com\/index.php\/wp-json\/wp\/v2\/comments?post=3469"}],"version-history":[{"count":157,"href":"https:\/\/subliproperu.com\/index.php\/wp-json\/wp\/v2\/pages\/3469\/revisions"}],"predecessor-version":[{"id":4349,"href":"https:\/\/subliproperu.com\/index.php\/wp-json\/wp\/v2\/pages\/3469\/revisions\/4349"}],"wp:attachment":[{"href":"https:\/\/subliproperu.com\/index.php\/wp-json\/wp\/v2\/media?parent=3469"}],"curies":[{"name":"wp","href":"https:\/\/api.w.org\/{rel}","templated":true}]}}