{"id":2813,"date":"2023-10-16T21:23:36","date_gmt":"2023-10-17T02:23:36","guid":{"rendered":"https:\/\/subliproperu.com\/?page_id=2813"},"modified":"2024-08-26T12:31:57","modified_gmt":"2024-08-26T17:31:57","slug":"servicios","status":"publish","type":"page","link":"https:\/\/subliproperu.com\/index.php\/servicios\/","title":{"rendered":"SERVICIOS"},"content":{"rendered":"\t\t<div data-elementor-type=\"wp-page\" data-elementor-id=\"2813\" class=\"elementor elementor-2813\" data-elementor-post-type=\"page\">\n\t\t\t\t<div class=\"elementor-element elementor-element-876950c e-flex e-con-boxed e-con e-parent\" data-id=\"876950c\" data-element_type=\"container\" data-settings=\"{&quot;background_background&quot;:&quot;classic&quot;}\">\n\t\t\t\t\t<div class=\"e-con-inner\">\n\t\t\t\t\t<\/div>\n\t\t\t\t<\/div>\n\t\t<div class=\"elementor-element elementor-element-e6032b3 e-flex e-con-boxed e-con e-parent\" data-id=\"e6032b3\" data-element_type=\"container\">\n\t\t\t\t\t<div class=\"e-con-inner\">\n\t\t<div class=\"elementor-element elementor-element-958dfc3 e-flex e-con-boxed e-con e-child\" data-id=\"958dfc3\" data-element_type=\"container\">\n\t\t\t\t\t<div class=\"e-con-inner\">\n\t\t<div class=\"elementor-element elementor-element-ba0048e e-con-full e-flex elementor-invisible e-con e-child\" data-id=\"ba0048e\" data-element_type=\"container\" data-settings=\"{&quot;animation&quot;:&quot;fadeInLeft&quot;}\">\n\t\t\t\t<div class=\"elementor-element elementor-element-9d8fd94 elementor-widget-divider--view-line elementor-widget elementor-widget-divider\" data-id=\"9d8fd94\" data-element_type=\"widget\" data-widget_type=\"divider.default\">\n\t\t\t\t<div class=\"elementor-widget-container\">\n\t\t\t\t\t<div class=\"elementor-divider\">\n\t\t\t<span class=\"elementor-divider-separator\">\n\t\t\t\t\t\t<\/span>\n\t\t<\/div>\n\t\t\t\t<\/div>\n\t\t\t\t<\/div>\n\t\t\t\t<\/div>\n\t\t<div class=\"elementor-element elementor-element-d9a47df e-con-full e-flex e-con e-child\" data-id=\"d9a47df\" data-element_type=\"container\">\n\t\t\t\t<div class=\"elementor-element elementor-element-cca14d1 elementor-invisible elementor-widget elementor-widget-heading\" data-id=\"cca14d1\" data-element_type=\"widget\" data-settings=\"{&quot;_animation&quot;:&quot;zoomIn&quot;}\" data-widget_type=\"heading.default\">\n\t\t\t\t<div class=\"elementor-widget-container\">\n\t\t\t<h2 class=\"elementor-heading-title elementor-size-default\">Nuestros Servicios<\/h2>\t\t<\/div>\n\t\t\t\t<\/div>\n\t\t\t\t<\/div>\n\t\t<div class=\"elementor-element elementor-element-6f8f30f e-con-full e-flex e-con e-child\" data-id=\"6f8f30f\" data-element_type=\"container\">\n\t\t\t\t<div class=\"elementor-element elementor-element-1458116 elementor-widget-divider--view-line elementor-invisible elementor-widget elementor-widget-divider\" data-id=\"1458116\" data-element_type=\"widget\" data-settings=\"{&quot;_animation&quot;:&quot;fadeInRight&quot;}\" data-widget_type=\"divider.default\">\n\t\t\t\t<div class=\"elementor-widget-container\">\n\t\t\t\t\t<div class=\"elementor-divider\">\n\t\t\t<span class=\"elementor-divider-separator\">\n\t\t\t\t\t\t<\/span>\n\t\t<\/div>\n\t\t\t\t<\/div>\n\t\t\t\t<\/div>\n\t\t\t\t<\/div>\n\t\t\t\t\t<\/div>\n\t\t\t\t<\/div>\n\t\t\t\t\t<\/div>\n\t\t\t\t<\/div>\n\t\t<div class=\"elementor-element elementor-element-540042a e-flex e-con-boxed e-con e-parent\" data-id=\"540042a\" data-element_type=\"container\">\n\t\t\t\t\t<div class=\"e-con-inner\">\n\t\t<div class=\"elementor-element elementor-element-1901556 e-con-full e-flex elementor-invisible e-con e-child\" data-id=\"1901556\" data-element_type=\"container\" data-settings=\"{&quot;background_background&quot;:&quot;classic&quot;,&quot;animation&quot;:&quot;slideInUp&quot;}\">\n\t\t\t\t<div class=\"elementor-element elementor-element-7f43e95 elementor-widget elementor-widget-image\" data-id=\"7f43e95\" data-element_type=\"widget\" data-widget_type=\"image.default\">\n\t\t\t\t<div class=\"elementor-widget-container\">\n\t\t\t\t\t\t\t\t\t\t\t\t\t<img decoding=\"async\" src=\"https:\/\/media.giphy.com\/media\/v1.Y2lkPTc5MGI3NjExanowM3B3YTJnY3dpb21oaTI4a3Btb2FocWgxdXdzeHp1ZzdxeTZodyZlcD12MV9pbnRlcm5hbF9naWZfYnlfaWQmY3Q9Zw\/PDLMzmxMgBontj1crl\/giphy.gif\" title=\"\" alt=\"\" loading=\"lazy\" \/>\t\t\t\t\t\t\t\t\t\t\t\t\t<\/div>\n\t\t\t\t<\/div>\n\t\t\t\t<div class=\"elementor-element elementor-element-bfa9671 elementor-widget elementor-widget-heading\" data-id=\"bfa9671\" data-element_type=\"widget\" data-widget_type=\"heading.default\">\n\t\t\t\t<div class=\"elementor-widget-container\">\n\t\t\t<h3 class=\"elementor-heading-title elementor-size-default\">Desarrollo Web<\/h3>\t\t<\/div>\n\t\t\t\t<\/div>\n\t\t\t\t<div class=\"elementor-element elementor-element-d0fd1bf elementor-align-center elementor-widget elementor-widget-button\" data-id=\"d0fd1bf\" data-element_type=\"widget\" data-widget_type=\"button.default\">\n\t\t\t\t<div class=\"elementor-widget-container\">\n\t\t\t\t\t<div class=\"elementor-button-wrapper\">\n\t\t\t<a class=\"elementor-button elementor-button-link elementor-size-lg elementor-animation-grow\" href=\"https:\/\/subliproperu.com\/?page_id=3469\">\n\t\t\t\t\t\t<span class=\"elementor-button-content-wrapper\">\n\t\t\t\t\t\t\t\t\t<span class=\"elementor-button-text\">Ver M\u00e1s<\/span>\n\t\t\t\t\t<\/span>\n\t\t\t\t\t<\/a>\n\t\t<\/div>\n\t\t\t\t<\/div>\n\t\t\t\t<\/div>\n\t\t\t\t<\/div>\n\t\t<div class=\"elementor-element elementor-element-eba9efc e-con-full e-flex elementor-invisible e-con e-child\" data-id=\"eba9efc\" data-element_type=\"container\" data-settings=\"{&quot;animation&quot;:&quot;slideInUp&quot;}\">\n\t\t\t\t<div class=\"elementor-element elementor-element-558ad1e elementor-widget elementor-widget-image\" data-id=\"558ad1e\" data-element_type=\"widget\" data-widget_type=\"image.default\">\n\t\t\t\t<div class=\"elementor-widget-container\">\n\t\t\t\t\t\t\t\t\t\t\t\t\t<img decoding=\"async\" src=\"https:\/\/media.giphy.com\/media\/v1.Y2lkPTc5MGI3NjExd21meThkNDhmY200ajJpcWZjZWRuMnV5aDN4NzVhOWE3eTl3MXd2bCZlcD12MV9pbnRlcm5hbF9naWZfYnlfaWQmY3Q9Zw\/RnqwIFbNanyxAy9JHH\/giphy.gif\" title=\"\" alt=\"\" loading=\"lazy\" \/>\t\t\t\t\t\t\t\t\t\t\t\t\t<\/div>\n\t\t\t\t<\/div>\n\t\t\t\t<div class=\"elementor-element elementor-element-2ef8155 elementor-widget elementor-widget-heading\" data-id=\"2ef8155\" data-element_type=\"widget\" data-widget_type=\"heading.default\">\n\t\t\t\t<div class=\"elementor-widget-container\">\n\t\t\t<h3 class=\"elementor-heading-title elementor-size-default\">Community Manager<\/h3>\t\t<\/div>\n\t\t\t\t<\/div>\n\t\t\t\t<div class=\"elementor-element elementor-element-d890e3c elementor-align-center elementor-widget elementor-widget-button\" data-id=\"d890e3c\" data-element_type=\"widget\" data-widget_type=\"button.default\">\n\t\t\t\t<div class=\"elementor-widget-container\">\n\t\t\t\t\t<div class=\"elementor-button-wrapper\">\n\t\t\t<a class=\"elementor-button elementor-button-link elementor-size-lg elementor-animation-grow\" href=\"https:\/\/subliproperu.com\/index.php\/community-manager\/\">\n\t\t\t\t\t\t<span class=\"elementor-button-content-wrapper\">\n\t\t\t\t\t\t\t\t\t<span class=\"elementor-button-text\">Ver M\u00e1s<\/span>\n\t\t\t\t\t<\/span>\n\t\t\t\t\t<\/a>\n\t\t<\/div>\n\t\t\t\t<\/div>\n\t\t\t\t<\/div>\n\t\t\t\t<\/div>\n\t\t<div class=\"elementor-element elementor-element-35aa44f e-con-full e-flex elementor-invisible e-con e-child\" data-id=\"35aa44f\" data-element_type=\"container\" data-settings=\"{&quot;animation&quot;:&quot;slideInUp&quot;}\">\n\t\t\t\t<div class=\"elementor-element elementor-element-c52d094 elementor-widget elementor-widget-image\" data-id=\"c52d094\" data-element_type=\"widget\" data-widget_type=\"image.default\">\n\t\t\t\t<div class=\"elementor-widget-container\">\n\t\t\t\t\t\t\t\t\t\t\t\t\t<img decoding=\"async\" src=\"https:\/\/i.giphy.com\/media\/v1.Y2lkPTc5MGI3NjExa3E4aGprY2phNm5laXN4YnZiZTFxZWVwZ2VwbmF4dmhpbmg2eXNtdyZlcD12MV9pbnRlcm5hbF9naWZfYnlfaWQmY3Q9Zw\/BXFiJJupcwlCgEN5Tj\/giphy.gif\" title=\"\" alt=\"\" loading=\"lazy\" \/>\t\t\t\t\t\t\t\t\t\t\t\t\t<\/div>\n\t\t\t\t<\/div>\n\t\t\t\t<div class=\"elementor-element elementor-element-a9615a7 elementor-widget elementor-widget-heading\" data-id=\"a9615a7\" data-element_type=\"widget\" data-widget_type=\"heading.default\">\n\t\t\t\t<div class=\"elementor-widget-container\">\n\t\t\t<h3 class=\"elementor-heading-title elementor-size-default\">Desarrollo de Software<\/h3>\t\t<\/div>\n\t\t\t\t<\/div>\n\t\t\t\t<div class=\"elementor-element elementor-element-023eb56 elementor-align-center elementor-widget elementor-widget-button\" data-id=\"023eb56\" data-element_type=\"widget\" data-widget_type=\"button.default\">\n\t\t\t\t<div class=\"elementor-widget-container\">\n\t\t\t\t\t<div class=\"elementor-button-wrapper\">\n\t\t\t<a class=\"elementor-button elementor-button-link elementor-size-lg elementor-animation-grow\" href=\"https:\/\/subliproperu.com\/?page_id=3475\">\n\t\t\t\t\t\t<span class=\"elementor-button-content-wrapper\">\n\t\t\t\t\t\t\t\t\t<span class=\"elementor-button-text\">Ver M\u00e1s<\/span>\n\t\t\t\t\t<\/span>\n\t\t\t\t\t<\/a>\n\t\t<\/div>\n\t\t\t\t<\/div>\n\t\t\t\t<\/div>\n\t\t\t\t<\/div>\n\t\t<div class=\"elementor-element elementor-element-d56cc6c e-con-full elementor-hidden-desktop elementor-hidden-tablet elementor-hidden-mobile e-flex e-con e-child\" data-id=\"d56cc6c\" data-element_type=\"container\">\n\t\t\t\t<div class=\"elementor-element elementor-element-218ed99 elementor-widget elementor-widget-image\" data-id=\"218ed99\" data-element_type=\"widget\" data-widget_type=\"image.default\">\n\t\t\t\t<div class=\"elementor-widget-container\">\n\t\t\t\t\t\t\t\t\t\t\t\t\t<img fetchpriority=\"high\" decoding=\"async\" width=\"1024\" height=\"1024\" src=\"https:\/\/subliproperu.com\/wp-content\/uploads\/2023\/11\/branding-1024x1024.jpg\" class=\"attachment-large size-large wp-image-3178\" alt=\"\" srcset=\"https:\/\/subliproperu.com\/wp-content\/uploads\/2023\/11\/branding-1024x1024.jpg 1024w, https:\/\/subliproperu.com\/wp-content\/uploads\/2023\/11\/branding-300x300.jpg 300w, https:\/\/subliproperu.com\/wp-content\/uploads\/2023\/11\/branding-150x150.jpg 150w, https:\/\/subliproperu.com\/wp-content\/uploads\/2023\/11\/branding-768x768.jpg 768w, https:\/\/subliproperu.com\/wp-content\/uploads\/2023\/11\/branding.jpg 1080w\" sizes=\"(max-width: 1024px) 100vw, 1024px\" \/>\t\t\t\t\t\t\t\t\t\t\t\t\t<\/div>\n\t\t\t\t<\/div>\n\t\t\t\t<div class=\"elementor-element elementor-element-8438072 elementor-widget elementor-widget-heading\" data-id=\"8438072\" data-element_type=\"widget\" data-widget_type=\"heading.default\">\n\t\t\t\t<div class=\"elementor-widget-container\">\n\t\t\t<h3 class=\"elementor-heading-title elementor-size-default\">Branding<\/h3>\t\t<\/div>\n\t\t\t\t<\/div>\n\t\t\t\t<div class=\"elementor-element elementor-element-76c0eba elementor-align-center elementor-widget elementor-widget-button\" data-id=\"76c0eba\" data-element_type=\"widget\" data-widget_type=\"button.default\">\n\t\t\t\t<div class=\"elementor-widget-container\">\n\t\t\t\t\t<div class=\"elementor-button-wrapper\">\n\t\t\t<a class=\"elementor-button elementor-button-link elementor-size-lg elementor-animation-grow\" href=\"https:\/\/subliproperu.com\/?page_id=3488\">\n\t\t\t\t\t\t<span class=\"elementor-button-content-wrapper\">\n\t\t\t\t\t\t\t\t\t<span class=\"elementor-button-text\">Ver M\u00e1s<\/span>\n\t\t\t\t\t<\/span>\n\t\t\t\t\t<\/a>\n\t\t<\/div>\n\t\t\t\t<\/div>\n\t\t\t\t<\/div>\n\t\t\t\t<\/div>\n\t\t<div class=\"elementor-element elementor-element-26cae9f e-con-full elementor-hidden-desktop elementor-hidden-tablet elementor-hidden-mobile e-flex e-con e-child\" data-id=\"26cae9f\" data-element_type=\"container\">\n\t\t\t\t<div class=\"elementor-element elementor-element-3acf4c9 elementor-widget elementor-widget-image\" data-id=\"3acf4c9\" data-element_type=\"widget\" data-widget_type=\"image.default\">\n\t\t\t\t<div class=\"elementor-widget-container\">\n\t\t\t\t\t\t\t\t\t\t\t\t\t<img decoding=\"async\" width=\"1024\" height=\"1024\" src=\"https:\/\/subliproperu.com\/wp-content\/uploads\/2023\/11\/brandeo-1024x1024.jpg\" class=\"attachment-large size-large wp-image-3183\" alt=\"\" srcset=\"https:\/\/subliproperu.com\/wp-content\/uploads\/2023\/11\/brandeo-1024x1024.jpg 1024w, https:\/\/subliproperu.com\/wp-content\/uploads\/2023\/11\/brandeo-300x300.jpg 300w, https:\/\/subliproperu.com\/wp-content\/uploads\/2023\/11\/brandeo-150x150.jpg 150w, https:\/\/subliproperu.com\/wp-content\/uploads\/2023\/11\/brandeo-768x768.jpg 768w, https:\/\/subliproperu.com\/wp-content\/uploads\/2023\/11\/brandeo.jpg 1080w\" sizes=\"(max-width: 1024px) 100vw, 1024px\" \/>\t\t\t\t\t\t\t\t\t\t\t\t\t<\/div>\n\t\t\t\t<\/div>\n\t\t\t\t<div class=\"elementor-element elementor-element-062e767 elementor-widget elementor-widget-heading\" data-id=\"062e767\" data-element_type=\"widget\" data-widget_type=\"heading.default\">\n\t\t\t\t<div class=\"elementor-widget-container\">\n\t\t\t<h3 class=\"elementor-heading-title elementor-size-default\">Brandeos<\/h3>\t\t<\/div>\n\t\t\t\t<\/div>\n\t\t\t\t<div class=\"elementor-element elementor-element-e04e35b elementor-align-center elementor-widget elementor-widget-button\" data-id=\"e04e35b\" data-element_type=\"widget\" data-widget_type=\"button.default\">\n\t\t\t\t<div class=\"elementor-widget-container\">\n\t\t\t\t\t<div class=\"elementor-button-wrapper\">\n\t\t\t<a class=\"elementor-button elementor-button-link elementor-size-lg elementor-animation-grow\" href=\"https:\/\/subliproperu.com\/?page_id=3493\">\n\t\t\t\t\t\t<span class=\"elementor-button-content-wrapper\">\n\t\t\t\t\t\t\t\t\t<span class=\"elementor-button-text\">Ver M\u00e1s<\/span>\n\t\t\t\t\t<\/span>\n\t\t\t\t\t<\/a>\n\t\t<\/div>\n\t\t\t\t<\/div>\n\t\t\t\t<\/div>\n\t\t\t\t<\/div>\n\t\t<div class=\"elementor-element elementor-element-fb533a1 e-con-full elementor-hidden-desktop elementor-hidden-tablet elementor-hidden-mobile e-flex e-con e-child\" data-id=\"fb533a1\" data-element_type=\"container\">\n\t\t\t\t<div class=\"elementor-element elementor-element-0bb1f13 elementor-widget elementor-widget-image\" data-id=\"0bb1f13\" data-element_type=\"widget\" data-widget_type=\"image.default\">\n\t\t\t\t<div class=\"elementor-widget-container\">\n\t\t\t\t\t\t\t\t\t\t\t\t\t<img decoding=\"async\" width=\"1024\" height=\"1024\" src=\"https:\/\/subliproperu.com\/wp-content\/uploads\/2023\/11\/difucuin-de-medios-1-1024x1024.jpg\" class=\"attachment-large size-large wp-image-3171\" alt=\"\" srcset=\"https:\/\/subliproperu.com\/wp-content\/uploads\/2023\/11\/difucuin-de-medios-1-1024x1024.jpg 1024w, https:\/\/subliproperu.com\/wp-content\/uploads\/2023\/11\/difucuin-de-medios-1-300x300.jpg 300w, https:\/\/subliproperu.com\/wp-content\/uploads\/2023\/11\/difucuin-de-medios-1-150x150.jpg 150w, https:\/\/subliproperu.com\/wp-content\/uploads\/2023\/11\/difucuin-de-medios-1-768x768.jpg 768w, https:\/\/subliproperu.com\/wp-content\/uploads\/2023\/11\/difucuin-de-medios-1.jpg 1080w\" sizes=\"(max-width: 1024px) 100vw, 1024px\" \/>\t\t\t\t\t\t\t\t\t\t\t\t\t<\/div>\n\t\t\t\t<\/div>\n\t\t\t\t<div class=\"elementor-element elementor-element-308311d elementor-widget elementor-widget-heading\" data-id=\"308311d\" data-element_type=\"widget\" data-widget_type=\"heading.default\">\n\t\t\t\t<div class=\"elementor-widget-container\">\n\t\t\t<h3 class=\"elementor-heading-title elementor-size-default\">Difusi\u00f3n en Medios<\/h3>\t\t<\/div>\n\t\t\t\t<\/div>\n\t\t\t\t<div class=\"elementor-element elementor-element-9d6c3d4 elementor-align-center elementor-widget elementor-widget-button\" data-id=\"9d6c3d4\" data-element_type=\"widget\" data-widget_type=\"button.default\">\n\t\t\t\t<div class=\"elementor-widget-container\">\n\t\t\t\t\t<div class=\"elementor-button-wrapper\">\n\t\t\t<a class=\"elementor-button elementor-button-link elementor-size-lg elementor-animation-grow\" href=\"https:\/\/subliproperu.com\/?page_id=3483\">\n\t\t\t\t\t\t<span class=\"elementor-button-content-wrapper\">\n\t\t\t\t\t\t\t\t\t<span class=\"elementor-button-text\">Ver M\u00e1s<\/span>\n\t\t\t\t\t<\/span>\n\t\t\t\t\t<\/a>\n\t\t<\/div>\n\t\t\t\t<\/div>\n\t\t\t\t<\/div>\n\t\t\t\t<\/div>\n\t\t\t\t\t<\/div>\n\t\t\t\t<\/div>\n\t\t<div class=\"elementor-element elementor-element-445de44 e-flex e-con-boxed e-con e-parent\" data-id=\"445de44\" data-element_type=\"container\">\n\t\t\t\t\t<div class=\"e-con-inner\">\n\t\t\t\t<div class=\"elementor-element elementor-element-ccabc90 elementor-widget-divider--view-line elementor-widget elementor-widget-divider\" data-id=\"ccabc90\" data-element_type=\"widget\" data-widget_type=\"divider.default\">\n\t\t\t\t<div class=\"elementor-widget-container\">\n\t\t\t\t\t<div class=\"elementor-divider\">\n\t\t\t<span class=\"elementor-divider-separator\">\n\t\t\t\t\t\t<\/span>\n\t\t<\/div>\n\t\t\t\t<\/div>\n\t\t\t\t<\/div>\n\t\t\t\t\t<\/div>\n\t\t\t\t<\/div>\n\t\t\t\t<\/div>\n\t\t","protected":false},"excerpt":{"rendered":"<p>Nuestros Servicios Desarrollo Web Ver M\u00e1s Community Manager Ver M\u00e1s Desarrollo de Software Ver M\u00e1s Branding Ver M\u00e1s Brandeos Ver M\u00e1s Difusi\u00f3n en Medios Ver M\u00e1s<\/p>\n","protected":false},"author":1,"featured_media":0,"parent":0,"menu_order":0,"comment_status":"closed","ping_status":"closed","template":"elementor_header_footer","meta":{"_joinchat":[],"footnotes":""},"class_list":["post-2813","page","type-page","status-publish","hentry"],"yoast_head":"<!-- This site is optimized with the Yoast SEO plugin v20.3 - https:\/\/yoast.com\/wordpress\/plugins\/seo\/ -->\n<title>SERVICIOS - SubliPro<\/title>\n<meta name=\"robots\" content=\"index, follow, max-snippet:-1, max-image-preview:large, max-video-preview:-1\" \/>\n<link rel=\"canonical\" href=\"https:\/\/subliproperu.com\/index.php\/servicios\/\" \/>\n<meta property=\"og:locale\" content=\"es_ES\" \/>\n<meta property=\"og:type\" content=\"article\" \/>\n<meta property=\"og:title\" content=\"SERVICIOS - SubliPro\" \/>\n<meta property=\"og:description\" content=\"Nuestros Servicios Desarrollo Web Ver M\u00e1s Community Manager Ver M\u00e1s Desarrollo de Software Ver M\u00e1s Branding Ver M\u00e1s Brandeos Ver M\u00e1s Difusi\u00f3n en Medios Ver M\u00e1s\" \/>\n<meta property=\"og:url\" content=\"https:\/\/subliproperu.com\/index.php\/servicios\/\" \/>\n<meta property=\"og:site_name\" content=\"SubliPro\" \/>\n<meta property=\"article:modified_time\" content=\"2024-08-26T17:31:57+00:00\" \/>\n<meta property=\"og:image\" content=\"https:\/\/media.giphy.com\/media\/v1.Y2lkPTc5MGI3NjExanowM3B3YTJnY3dpb21oaTI4a3Btb2FocWgxdXdzeHp1ZzdxeTZodyZlcD12MV9pbnRlcm5hbF9naWZfYnlfaWQmY3Q9Zw\/PDLMzmxMgBontj1crl\/giphy.gif\" \/>\n<meta name=\"twitter:card\" content=\"summary_large_image\" \/>\n<meta name=\"twitter:label1\" content=\"Tiempo de lectura\" \/>\n\t<meta name=\"twitter:data1\" content=\"2 minutos\" \/>\n<script type=\"application\/ld+json\" class=\"yoast-schema-graph\">{\"@context\":\"https:\/\/schema.org\",\"@graph\":[{\"@type\":\"WebPage\",\"@id\":\"https:\/\/subliproperu.com\/index.php\/servicios\/\",\"url\":\"https:\/\/subliproperu.com\/index.php\/servicios\/\",\"name\":\"SERVICIOS - SubliPro\",\"isPartOf\":{\"@id\":\"https:\/\/subliproperu.com\/#website\"},\"datePublished\":\"2023-10-17T02:23:36+00:00\",\"dateModified\":\"2024-08-26T17:31:57+00:00\",\"breadcrumb\":{\"@id\":\"https:\/\/subliproperu.com\/index.php\/servicios\/#breadcrumb\"},\"inLanguage\":\"es\",\"potentialAction\":[{\"@type\":\"ReadAction\",\"target\":[\"https:\/\/subliproperu.com\/index.php\/servicios\/\"]}]},{\"@type\":\"BreadcrumbList\",\"@id\":\"https:\/\/subliproperu.com\/index.php\/servicios\/#breadcrumb\",\"itemListElement\":[{\"@type\":\"ListItem\",\"position\":1,\"name\":\"Portada\",\"item\":\"https:\/\/subliproperu.com\/\"},{\"@type\":\"ListItem\",\"position\":2,\"name\":\"SERVICIOS\"}]},{\"@type\":\"WebSite\",\"@id\":\"https:\/\/subliproperu.com\/#website\",\"url\":\"https:\/\/subliproperu.com\/\",\"name\":\"SubliPro\",\"description\":\"Agencia creativa publicidad\",\"publisher\":{\"@id\":\"https:\/\/subliproperu.com\/#organization\"},\"potentialAction\":[{\"@type\":\"SearchAction\",\"target\":{\"@type\":\"EntryPoint\",\"urlTemplate\":\"https:\/\/subliproperu.com\/?s={search_term_string}\"},\"query-input\":\"required name=search_term_string\"}],\"inLanguage\":\"es\"},{\"@type\":\"Organization\",\"@id\":\"https:\/\/subliproperu.com\/#organization\",\"name\":\"SubliPro\",\"url\":\"https:\/\/subliproperu.com\/\",\"logo\":{\"@type\":\"ImageObject\",\"inLanguage\":\"es\",\"@id\":\"https:\/\/subliproperu.com\/#\/schema\/logo\/image\/\",\"url\":\"https:\/\/subliproperu.com\/wp-content\/uploads\/2023\/10\/logo_sublipropng.png\",\"contentUrl\":\"https:\/\/subliproperu.com\/wp-content\/uploads\/2023\/10\/logo_sublipropng.png\",\"width\":980,\"height\":363,\"caption\":\"SubliPro\"},\"image\":{\"@id\":\"https:\/\/subliproperu.com\/#\/schema\/logo\/image\/\"}}]}<\/script>\n<!-- \/ Yoast SEO plugin. -->","yoast_head_json":{"title":"SERVICIOS - SubliPro","robots":{"index":"index","follow":"follow","max-snippet":"max-snippet:-1","max-image-preview":"max-image-preview:large","max-video-preview":"max-video-preview:-1"},"canonical":"https:\/\/subliproperu.com\/index.php\/servicios\/","og_locale":"es_ES","og_type":"article","og_title":"SERVICIOS - SubliPro","og_description":"Nuestros Servicios Desarrollo Web Ver M\u00e1s Community Manager Ver M\u00e1s Desarrollo de Software Ver M\u00e1s Branding Ver M\u00e1s Brandeos Ver M\u00e1s Difusi\u00f3n en Medios Ver M\u00e1s","og_url":"https:\/\/subliproperu.com\/index.php\/servicios\/","og_site_name":"SubliPro","article_modified_time":"2024-08-26T17:31:57+00:00","og_image":[{"url":"https:\/\/media.giphy.com\/media\/v1.Y2lkPTc5MGI3NjExanowM3B3YTJnY3dpb21oaTI4a3Btb2FocWgxdXdzeHp1ZzdxeTZodyZlcD12MV9pbnRlcm5hbF9naWZfYnlfaWQmY3Q9Zw\/PDLMzmxMgBontj1crl\/giphy.gif"}],"twitter_card":"summary_large_image","twitter_misc":{"Tiempo de lectura":"2 minutos"},"schema":{"@context":"https:\/\/schema.org","@graph":[{"@type":"WebPage","@id":"https:\/\/subliproperu.com\/index.php\/servicios\/","url":"https:\/\/subliproperu.com\/index.php\/servicios\/","name":"SERVICIOS - SubliPro","isPartOf":{"@id":"https:\/\/subliproperu.com\/#website"},"datePublished":"2023-10-17T02:23:36+00:00","dateModified":"2024-08-26T17:31:57+00:00","breadcrumb":{"@id":"https:\/\/subliproperu.com\/index.php\/servicios\/#breadcrumb"},"inLanguage":"es","potentialAction":[{"@type":"ReadAction","target":["https:\/\/subliproperu.com\/index.php\/servicios\/"]}]},{"@type":"BreadcrumbList","@id":"https:\/\/subliproperu.com\/index.php\/servicios\/#breadcrumb","itemListElement":[{"@type":"ListItem","position":1,"name":"Portada","item":"https:\/\/subliproperu.com\/"},{"@type":"ListItem","position":2,"name":"SERVICIOS"}]},{"@type":"WebSite","@id":"https:\/\/subliproperu.com\/#website","url":"https:\/\/subliproperu.com\/","name":"SubliPro","description":"Agencia creativa publicidad","publisher":{"@id":"https:\/\/subliproperu.com\/#organization"},"potentialAction":[{"@type":"SearchAction","target":{"@type":"EntryPoint","urlTemplate":"https:\/\/subliproperu.com\/?s={search_term_string}"},"query-input":"required name=search_term_string"}],"inLanguage":"es"},{"@type":"Organization","@id":"https:\/\/subliproperu.com\/#organization","name":"SubliPro","url":"https:\/\/subliproperu.com\/","logo":{"@type":"ImageObject","inLanguage":"es","@id":"https:\/\/subliproperu.com\/#\/schema\/logo\/image\/","url":"https:\/\/subliproperu.com\/wp-content\/uploads\/2023\/10\/logo_sublipropng.png","contentUrl":"https:\/\/subliproperu.com\/wp-content\/uploads\/2023\/10\/logo_sublipropng.png","width":980,"height":363,"caption":"SubliPro"},"image":{"@id":"https:\/\/subliproperu.com\/#\/schema\/logo\/image\/"}}]}},"_links":{"self":[{"href":"https:\/\/subliproperu.com\/index.php\/wp-json\/wp\/v2\/pages\/2813","targetHints":{"allow":["GET"]}}],"collection":[{"href":"https:\/\/subliproperu.com\/index.php\/wp-json\/wp\/v2\/pages"}],"about":[{"href":"https:\/\/subliproperu.com\/index.php\/wp-json\/wp\/v2\/types\/page"}],"author":[{"embeddable":true,"href":"https:\/\/subliproperu.com\/index.php\/wp-json\/wp\/v2\/users\/1"}],"replies":[{"embeddable":true,"href":"https:\/\/subliproperu.com\/index.php\/wp-json\/wp\/v2\/comments?post=2813"}],"version-history":[{"count":154,"href":"https:\/\/subliproperu.com\/index.php\/wp-json\/wp\/v2\/pages\/2813\/revisions"}],"predecessor-version":[{"id":4367,"href":"https:\/\/subliproperu.com\/index.php\/wp-json\/wp\/v2\/pages\/2813\/revisions\/4367"}],"wp:attachment":[{"href":"https:\/\/subliproperu.com\/index.php\/wp-json\/wp\/v2\/media?parent=2813"}],"curies":[{"name":"wp","href":"https:\/\/api.w.org\/{rel}","templated":true}]}}